{"id":2464,"date":"2025-01-11T15:59:50","date_gmt":"2025-01-11T15:59:50","guid":{"rendered":"https:\/\/witty.pt\/artigos\/"},"modified":"2025-03-04T11:39:20","modified_gmt":"2025-03-04T11:39:20","slug":"artigos","status":"publish","type":"page","link":"https:\/\/witty.pt\/pt-pt\/artigos\/","title":{"rendered":"Artigos"},"content":{"rendered":"<p>[et_pb_section fb_built=&#8221;1&#8243; admin_label=&#8221;Internal pages header&#8221; _builder_version=&#8221;4.27.4&#8243; _module_preset=&#8221;default&#8221; custom_margin=&#8221;100px||||false|false&#8221; global_colors_info=&#8221;{}&#8221;][et_pb_row _builder_version=&#8221;4.27.4&#8243; _module_preset=&#8221;default&#8221; global_colors_info=&#8221;{}&#8221;][et_pb_column type=&#8221;4_4&#8243; _builder_version=&#8221;4.16&#8243; _module_preset=&#8221;default&#8221; global_colors_info=&#8221;{}&#8221;][et_pb_text admin_label=&#8221;Title &#038; headline&#8221; _builder_version=&#8221;4.27.4&#8243; _module_preset=&#8221;default&#8221; text_font=&#8221;||||||||&#8221; header_font=&#8221;|300||on|||||&#8221; header_text_color=&#8221;#000000&#8243; header_font_size=&#8221;15px&#8221; header_3_font=&#8221;Inter|700|||||||&#8221; header_3_text_color=&#8221;#221F1F&#8221; header_3_font_size=&#8221;41px&#8221; header_3_line_height=&#8221;1.1em&#8221; custom_padding=&#8221;|25%|||false|false&#8221; custom_padding_tablet=&#8221;|15%|||false|false&#8221; custom_padding_phone=&#8221;|5%|||false|false&#8221; custom_padding_last_edited=&#8221;on|desktop&#8221; header_3_font_size_tablet=&#8221;48px&#8221; header_3_font_size_phone=&#8221;32px&#8221; header_3_font_size_last_edited=&#8221;on|phone&#8221; global_colors_info=&#8221;{}&#8221;]<\/p>\n<h1>ARTIGOS<\/h1>\n<h3>Aqui est\u00e3o as nossas \u00faltimas novidades e insights \u2013 ideias, tend\u00eancias e hist\u00f3rias de sucesso que nos inspiram a perseguir a nossa paix\u00e3o pela transforma\u00e7\u00e3o digital.<\/h3>\n<p>[\/et_pb_text][\/et_pb_column][\/et_pb_row][et_pb_row module_class=&#8221;highlighted-article&#8221; _builder_version=&#8221;4.27.4&#8243; _module_preset=&#8221;default&#8221; max_width=&#8221;1120px&#8221; global_colors_info=&#8221;{}&#8221;][et_pb_column type=&#8221;4_4&#8243; _builder_version=&#8221;4.27.4&#8243; _module_preset=&#8221;default&#8221; global_colors_info=&#8221;{}&#8221;][et_pb_de_mach_archive_loop post_type_choose=&#8221;post&#8221; loop_layout=&#8221;2434&#8243; filter_update_animation=&#8221;load-2&#8243; animation_color=&#8221;#146EFF&#8221; no_posts_layout_text=&#8221;Sorry, there are no articles to show at the moment.&#8221; posts_number=&#8221;6&#8243; order_asc_desc=&#8221;DESC&#8221; columns=&#8221;2&#8243; columns_tablet=&#8221;1&#8243; _builder_version=&#8221;4.27.4&#8243; _module_preset=&#8221;default&#8221; global_colors_info=&#8221;{}&#8221;][\/et_pb_de_mach_archive_loop][\/et_pb_column][\/et_pb_row][\/et_pb_section]<\/p>\n","protected":false},"excerpt":{"rendered":"<p>ARTIGOS Aqui est\u00e3o as nossas \u00faltimas novidades e insights \u2013 ideias, tend\u00eancias e hist\u00f3rias de sucesso que nos inspiram a perseguir a nossa paix\u00e3o pela transforma\u00e7\u00e3o digital.<\/p>\n","protected":false},"author":1,"featured_media":0,"parent":0,"menu_order":0,"comment_status":"closed","ping_status":"closed","template":"","meta":{"_acf_changed":false,"_et_pb_use_builder":"on","_et_pb_old_content":"","_et_gb_content_width":"","_monsterinsights_skip_tracking":false,"_monsterinsights_sitenote_active":false,"_monsterinsights_sitenote_note":"","_monsterinsights_sitenote_category":0,"footnotes":""},"class_list":["post-2464","page","type-page","status-publish","hentry"],"acf":[],"aioseo_notices":[],"_links":{"self":[{"href":"https:\/\/witty.pt\/pt-pt\/wp-json\/wp\/v2\/pages\/2464","targetHints":{"allow":["GET"]}}],"collection":[{"href":"https:\/\/witty.pt\/pt-pt\/wp-json\/wp\/v2\/pages"}],"about":[{"href":"https:\/\/witty.pt\/pt-pt\/wp-json\/wp\/v2\/types\/page"}],"author":[{"embeddable":true,"href":"https:\/\/witty.pt\/pt-pt\/wp-json\/wp\/v2\/users\/1"}],"replies":[{"embeddable":true,"href":"https:\/\/witty.pt\/pt-pt\/wp-json\/wp\/v2\/comments?post=2464"}],"version-history":[{"count":11,"href":"https:\/\/witty.pt\/pt-pt\/wp-json\/wp\/v2\/pages\/2464\/revisions"}],"predecessor-version":[{"id":2572,"href":"https:\/\/witty.pt\/pt-pt\/wp-json\/wp\/v2\/pages\/2464\/revisions\/2572"}],"wp:attachment":[{"href":"https:\/\/witty.pt\/pt-pt\/wp-json\/wp\/v2\/media?parent=2464"}],"curies":[{"name":"wp","href":"https:\/\/api.w.org\/{rel}","templated":true}]}}