{"id":1888,"date":"2021-12-14T16:20:35","date_gmt":"2021-12-14T16:20:35","guid":{"rendered":"http:\/\/witty.pt\/politica-de-privacidade\/"},"modified":"2025-01-10T19:09:46","modified_gmt":"2025-01-10T19:09:46","slug":"politica-de-privacidade","status":"publish","type":"page","link":"https:\/\/witty.pt\/pt-pt\/politica-de-privacidade\/","title":{"rendered":"Pol\u00edtica de Privacidade"},"content":{"rendered":"<p>[et_pb_section fb_built=&#8221;1&#8243; admin_label=&#8221;Internal pages header&#8221; _builder_version=&#8221;4.16&#8243; _module_preset=&#8221;default&#8221; custom_margin=&#8221;100px||||false|false&#8221; hover_enabled=&#8221;0&#8243; global_colors_info=&#8221;{}&#8221; sticky_enabled=&#8221;0&#8243;][et_pb_row _builder_version=&#8221;4.16&#8243; _module_preset=&#8221;default&#8221; global_colors_info=&#8221;{}&#8221;][et_pb_column type=&#8221;4_4&#8243; _builder_version=&#8221;4.16&#8243; _module_preset=&#8221;default&#8221; global_colors_info=&#8221;{}&#8221;][et_pb_text admin_label=&#8221;Title &#038; headline&#8221; _builder_version=&#8221;4.21.0&#8243; _module_preset=&#8221;default&#8221; text_font=&#8221;||||||||&#8221; link_font=&#8221;||||||||&#8221; link_text_color=&#8221;#000000&#8243; header_font=&#8221;|300||on|||||&#8221; header_text_color=&#8221;#000000&#8243; header_font_size=&#8221;15px&#8221; header_3_font=&#8221;Inter|700|||||||&#8221; header_3_text_color=&#8221;#221F1F&#8221; header_3_font_size=&#8221;41px&#8221; header_3_line_height=&#8221;1.1em&#8221; custom_padding=&#8221;|25%|||false|false&#8221; custom_padding_tablet=&#8221;|15%|||false|false&#8221; custom_padding_phone=&#8221;|5%|||false|false&#8221; custom_padding_last_edited=&#8221;on|desktop&#8221; hover_enabled=&#8221;0&#8243; header_3_font_size_tablet=&#8221;48px&#8221; header_3_font_size_phone=&#8221;32px&#8221; header_3_font_size_last_edited=&#8221;on|phone&#8221; global_colors_info=&#8221;{}&#8221; link_text_color__hover_enabled=&#8221;on|hover&#8221; link_text_color__hover=&#8221;#112A30&#8243; sticky_enabled=&#8221;0&#8243;]<\/p>\n<h1>POL\u00cdTICA DE PRIVACIDADE<\/h1>\n<h3>Se desejar ajustar, aceder, remover ou optar por n\u00e3o receber os seus dados pessoais a qualquer momento, por favor, envie o seu pedido diretamente para n\u00f3s atrav\u00e9s do email <a href=\"mailto:hi@witty.pt\">hi@witty.pt.<\/a><\/h3>\n<p>[\/et_pb_text][et_pb_text admin_label=&#8221;Narrow text&#8221; _builder_version=&#8221;4.21.0&#8243; _module_preset=&#8221;default&#8221; text_font=&#8221;|300|||||||&#8221; text_text_color=&#8221;#000000&#8243; text_font_size=&#8221;16px&#8221; link_text_color=&#8221;#447893&#8243; header_font=&#8221;|||on|||||&#8221; header_text_color=&#8221;#000000&#8243; header_3_font=&#8221;|900|||||||&#8221; header_3_text_color=&#8221;#000000&#8243; header_4_font=&#8221;|700|||||||&#8221; header_4_font_size=&#8221;15px&#8221; custom_padding=&#8221;|25%|||false|false&#8221; custom_padding_tablet=&#8221;|15%|||false|false&#8221; custom_padding_phone=&#8221;|5%|||false|false&#8221; custom_padding_last_edited=&#8221;on|phone&#8221; hover_enabled=&#8221;0&#8243; global_colors_info=&#8221;{}&#8221; link_text_color__hover_enabled=&#8221;on|hover&#8221; link_text_color__hover=&#8221;#A8D4EE&#8221; sticky_enabled=&#8221;0&#8243;]<\/p>\n<p>Esta Pol\u00edtica de Privacidade regula o tratamento de dados pessoais dos utilizadores (doravante &#8220;utilizador&#8221; ou &#8220;utilizadores&#8221;) recolhidos no \u00e2mbito da utiliza\u00e7\u00e3o do website www.witty.pt, pela Witty Digital Lda. (doravante &#8220;Witty&#8221; ou &#8220;n\u00f3s&#8221;), na qualidade de entidade respons\u00e1vel pelo tratamento de dados pessoais.<\/p>\n<p>A disponibiliza\u00e7\u00e3o dos seus dados pessoais implica o conhecimento e a aceita\u00e7\u00e3o das condi\u00e7\u00f5es contidas nesta Pol\u00edtica de Privacidade.<\/p>\n<p>[\/et_pb_text][et_pb_text admin_label=&#8221;Narrow text&#8221; _builder_version=&#8221;4.21.0&#8243; _module_preset=&#8221;default&#8221; text_font=&#8221;|300|||||||&#8221; text_text_color=&#8221;#000000&#8243; text_font_size=&#8221;14px&#8221; text_line_height=&#8221;1.2em&#8221; link_text_color=&#8221;#447893&#8243; header_font=&#8221;|||on|||||&#8221; header_text_color=&#8221;#000000&#8243; header_3_font=&#8221;|900|||||||&#8221; header_3_text_color=&#8221;#000000&#8243; header_4_font=&#8221;|700|||||||&#8221; header_4_font_size=&#8221;15px&#8221; custom_padding=&#8221;|25%|||false|false&#8221; custom_padding_tablet=&#8221;|15%|||false|false&#8221; custom_padding_phone=&#8221;|5%|||false|false&#8221; custom_padding_last_edited=&#8221;on|phone&#8221; hover_enabled=&#8221;0&#8243; global_colors_info=&#8221;{}&#8221; link_text_color__hover_enabled=&#8221;on|hover&#8221; link_text_color__hover=&#8221;#A8D4EE&#8221; sticky_enabled=&#8221;0&#8243;]<\/p>\n<h4>Dados pessoais<\/h4>\n<p>Para efeitos desta Pol\u00edtica de Dados Pessoais, &#8220;dados pessoais&#8221; significa informa\u00e7\u00f5es relativas a uma pessoa singular identificada ou identific\u00e1vel (&#8220;titular dos dados&#8221;). Assim, uma pessoa identific\u00e1vel \u00e9 aquela que pode ser identificada, direta ou indiretamente, em particular por refer\u00eancia a um identificador &#8211; como um nome, um n\u00famero de identifica\u00e7\u00e3o, dados de localiza\u00e7\u00e3o, identificadores eletr\u00f3nicos &#8211; ou a um ou mais elementos espec\u00edficos da identidade f\u00edsica, fisiol\u00f3gica, gen\u00e9tica, mental, econ\u00f3mica, cultural ou social dessa pessoa singular.<\/p>\n<h4>O respons\u00e1vel pelo tratamento<\/h4>\n<p>A Witty \u00e9 a entidade respons\u00e1vel pelo tratamento dos dados pessoais do utilizador, processando tais dados diretamente e\/ou atrav\u00e9s de entidades subcontratantes. Os dados pessoais recolhidos atrav\u00e9s do site devem ser tratados de acordo com os termos, para fornecer informa\u00e7\u00f5es e funcionalidades, bem como para cumprir as obriga\u00e7\u00f5es legais da Witty.<\/p>\n<h4>Recolha de dados pessoais<\/h4>\n<p>A visita ao nosso Site, por si s\u00f3, n\u00e3o implica o registo, automaticamente, de quaisquer dados pessoais que o identifiquem. No entanto, algumas informa\u00e7\u00f5es sobre si podem ser recolhidas, mesmo anonimamente, atrav\u00e9s de processos autom\u00e1ticos (como cookies), conforme descrito abaixo.<\/p>\n<p>Al\u00e9m disso, poderemos processar os seus dados de identifica\u00e7\u00e3o (nome) e os seus contactos quando se inscrever na nossa newsletter e sempre que nos contactar.<\/p>\n<h4>Licitude e finalidade do tratamento de dados pessoais<\/h4>\n<p>A Witty trata os seus dados pessoais:<\/p>\n<ul>\n<li>Atrav\u00e9s de cookies, utilizando o Google Analytics.<\/li>\n<li>Para o envio de newsletters, com base no seu consentimento expresso;\n<ul>\n<li>Para responder \u00e0s quest\u00f5es que surgirem, a base legal aplic\u00e1vel variar\u00e1 de acordo com o conte\u00fado da comunica\u00e7\u00e3o que nos enviar.<\/li>\n<li>Para cumprir as obriga\u00e7\u00f5es legais da Witty.<\/li>\n<\/ul>\n<\/li>\n<\/ul>\n<p>&nbsp;<\/p>\n<h4>Prazo de conserva\u00e7\u00e3o dos dados pessoais<\/h4>\n<p>O per\u00edodo durante o qual os dados s\u00e3o armazenados e conservados varia de acordo com a finalidade do seu tratamento. Existem, no entanto, requisitos legais que obrigam a Witty a conservar dados por um determinado per\u00edodo de tempo. Assim, e sempre que n\u00e3o exista um requisito legal espec\u00edfico, os dados ser\u00e3o armazenados e conservados apenas pelo per\u00edodo necess\u00e1rio para os fins para os quais foram recolhidos, conforme identificado acima.<\/p>\n<h4>Direitos do utilizador<\/h4>\n<p>De acordo com a legisla\u00e7\u00e3o aplic\u00e1vel, o utilizador pode a qualquer momento solicitar o acesso aos seus dados pessoais, bem como a sua retifica\u00e7\u00e3o, elimina\u00e7\u00e3o, limita\u00e7\u00e3o do seu tratamento, portabilidade dos dados, o esquecimento ou a oposi\u00e7\u00e3o ao seu tratamento atrav\u00e9s do seguinte contacto: info@witty.pt<\/p>\n<h4>Partilha de dados<\/h4>\n<p>A Witty poder\u00e1 divulgar os seus dados pessoais a terceiros, garantindo que estes tratem tais dados pessoais exclusivamente para os fins indicados. Os dados dos utilizadores poder\u00e3o ser processados por um prestador de servi\u00e7os adequado contratado pela Witty. Este prestador de servi\u00e7os tratar\u00e1 os dados exclusivamente para os fins estabelecidos pela Witty e em conformidade com as instru\u00e7\u00f5es emitidas por esta, cumprindo estritamente as regras legais de prote\u00e7\u00e3o de dados pessoais, seguran\u00e7a da informa\u00e7\u00e3o e outras normas aplic\u00e1veis.<\/p>\n<h4>Seguran\u00e7a<\/h4>\n<p>A Witty faz os melhores esfor\u00e7os para proteger os dados pessoais dos utilizadores contra acessos n\u00e3o autorizados. Para esse efeito, a Witty utiliza sistemas de seguran\u00e7a, regras e outros procedimentos para assegurar a prote\u00e7\u00e3o dos dados pessoais, bem como para evitar o acesso n\u00e3o autorizado aos dados, utiliza\u00e7\u00e3o indevida, divulga\u00e7\u00e3o, perda ou destrui\u00e7\u00e3o.<\/p>\n<p>No entanto, \u00e9 responsabilidade dos utilizadores garantir e assegurar que os dispositivos e equipamentos utilizados para aceder ao site est\u00e3o adequadamente protegidos contra software malicioso, v\u00edrus inform\u00e1ticos e worms.<\/p>\n<h4>Cookies<\/h4>\n<p>Este site utiliza o Google Analytics e os respetivos cookies para ajudar a determinar a utilidade, interesse e n\u00famero de visitas ao site, permitindo uma navega\u00e7\u00e3o mais r\u00e1pida e eficiente no site, eliminando a necessidade de introduzir repetidamente as mesmas informa\u00e7\u00f5es. Isso permitir\u00e1 \u00e0 Witty fornecer um servi\u00e7o mais personalizado e feito \u00e0 medida dos utilizadores.<\/p>\n<h4>Reclama\u00e7\u00f5es<\/h4>\n<p>Sem preju\u00edzo de outros meios de recurso administrativo ou judicial, tem o direito de apresentar reclama\u00e7\u00e3o junto da autoridade de supervis\u00e3o competente nos termos da lei se considerar que o tratamento dos seus dados pela Witty viola o regime legal em vigor em qualquer momento.<\/p>\n<h4>Quest\u00f5es<\/h4>\n<p>Podes contactar a Witty sobre todas as quest\u00f5es relacionadas com o tratamento dos teus dados pessoais e o exerc\u00edcio dos teus direitos ao abrigo da legisla\u00e7\u00e3o aplic\u00e1vel e, em particular, conforme estabelecido na presente Pol\u00edtica, atrav\u00e9s do seguinte contacto:  <a href=\"mailto:hi@witty.pt\">hi@witty.pt<\/a><\/p>\n<h4>Altera\u00e7\u00f5es aos termos de tratamento de dados pessoais<\/h4>\n<p>A Witty pode alterar esta Pol\u00edtica de Privacidade a qualquer momento. Essas altera\u00e7\u00f5es ser\u00e3o devidamente divulgadas atrav\u00e9s do Site.<\/p>\n<p>&nbsp;<\/p>\n<p>&nbsp;<\/p>\n<p><span style=\"font-size:0.8em;\">\u00daltima atualiza\u00e7\u00e3o em 02\/02\/2022<\/span>[\/et_pb_text][\/et_pb_column][\/et_pb_row][\/et_pb_section]<\/p>\n","protected":false},"excerpt":{"rendered":"<p>POL\u00cdTICA DE PRIVACIDADE Se desejar ajustar, aceder, remover ou optar por n\u00e3o receber os seus dados pessoais a qualquer momento, por favor, envie o seu pedido diretamente para n\u00f3s atrav\u00e9s do email hi@witty.pt.Esta Pol\u00edtica de Privacidade regula o tratamento de dados pessoais dos utilizadores (doravante &#8220;utilizador&#8221; ou &#8220;utilizadores&#8221;) recolhidos no \u00e2mbito da utiliza\u00e7\u00e3o do website [&hellip;]<\/p>\n","protected":false},"author":1,"featured_media":0,"parent":0,"menu_order":0,"comment_status":"closed","ping_status":"open","template":"","meta":{"_acf_changed":false,"_et_pb_use_builder":"on","_et_pb_old_content":"","_et_gb_content_width":"","_monsterinsights_skip_tracking":false,"_monsterinsights_sitenote_active":false,"_monsterinsights_sitenote_note":"","_monsterinsights_sitenote_category":0,"footnotes":""},"class_list":["post-1888","page","type-page","status-publish","hentry"],"acf":[],"aioseo_notices":[],"_links":{"self":[{"href":"https:\/\/witty.pt\/pt-pt\/wp-json\/wp\/v2\/pages\/1888","targetHints":{"allow":["GET"]}}],"collection":[{"href":"https:\/\/witty.pt\/pt-pt\/wp-json\/wp\/v2\/pages"}],"about":[{"href":"https:\/\/witty.pt\/pt-pt\/wp-json\/wp\/v2\/types\/page"}],"author":[{"embeddable":true,"href":"https:\/\/witty.pt\/pt-pt\/wp-json\/wp\/v2\/users\/1"}],"replies":[{"embeddable":true,"href":"https:\/\/witty.pt\/pt-pt\/wp-json\/wp\/v2\/comments?post=1888"}],"version-history":[{"count":3,"href":"https:\/\/witty.pt\/pt-pt\/wp-json\/wp\/v2\/pages\/1888\/revisions"}],"predecessor-version":[{"id":2356,"href":"https:\/\/witty.pt\/pt-pt\/wp-json\/wp\/v2\/pages\/1888\/revisions\/2356"}],"wp:attachment":[{"href":"https:\/\/witty.pt\/pt-pt\/wp-json\/wp\/v2\/media?parent=1888"}],"curies":[{"name":"wp","href":"https:\/\/api.w.org\/{rel}","templated":true}]}}