{"id":1879,"date":"2023-07-17T16:59:26","date_gmt":"2023-07-17T16:59:26","guid":{"rendered":"http:\/\/witty.pt\/consultoria\/desenvolvimento-web\/"},"modified":"2025-03-04T11:54:56","modified_gmt":"2025-03-04T11:54:56","slug":"desenvolvimento-web","status":"publish","type":"page","link":"https:\/\/witty.pt\/pt-pt\/consultoria\/desenvolvimento-web\/","title":{"rendered":"Desenvolvimento web"},"content":{"rendered":"<p>[et_pb_section fb_built=&#8221;1&#8243; admin_label=&#8221;Internal pages header&#8221; _builder_version=&#8221;4.16&#8243; _module_preset=&#8221;default&#8221; custom_margin=&#8221;100px||||false|false&#8221; global_colors_info=&#8221;{}&#8221;][et_pb_row _builder_version=&#8221;4.16&#8243; _module_preset=&#8221;default&#8221; global_colors_info=&#8221;{}&#8221;][et_pb_column type=&#8221;4_4&#8243; _builder_version=&#8221;4.16&#8243; _module_preset=&#8221;default&#8221; global_colors_info=&#8221;{}&#8221;][et_pb_text admin_label=&#8221;Title &#038; headline&#8221; _builder_version=&#8221;4.21.0&#8243; _module_preset=&#8221;default&#8221; text_font=&#8221;||||||||&#8221; link_font=&#8221;|300||on|||||&#8221; link_text_color=&#8221;#5951FF&#8221; header_font=&#8221;|300||on|||||&#8221; header_text_color=&#8221;#221F1F&#8221; header_font_size=&#8221;15px&#8221; header_3_font=&#8221;Inter|700|||||||&#8221; header_3_text_color=&#8221;#221F1F&#8221; header_3_font_size=&#8221;41px&#8221; header_3_line_height=&#8221;1.1em&#8221; custom_padding=&#8221;|25%|||false|false&#8221; custom_padding_tablet=&#8221;|15%|||false|false&#8221; custom_padding_phone=&#8221;|5%|||false|false&#8221; custom_padding_last_edited=&#8221;on|desktop&#8221; header_3_font_size_tablet=&#8221;48px&#8221; header_3_font_size_phone=&#8221;32px&#8221; header_3_font_size_last_edited=&#8221;on|phone&#8221; global_colors_info=&#8221;{}&#8221; link_text_color__hover_enabled=&#8221;on|hover&#8221; link_text_color__hover=&#8221;#32479C&#8221;]<\/p>\n<h1>CONSULTORIA \/ Desenvolvimento web<\/h1>\n<h3>Criamos websites bonitos, flex\u00edveis e f\u00e1ceis de usar, verdadeiramente adaptados \u00e0 sua marca e \u00e0s suas necessidades.<\/h3>\n<p>[\/et_pb_text][et_pb_text admin_label=&#8221;Narrow text&#8221; _builder_version=&#8221;4.21.0&#8243; _module_preset=&#8221;default&#8221; text_font=&#8221;Inter||||||||&#8221; text_text_color=&#8221;#221F1F&#8221; text_font_size=&#8221;16px&#8221; text_line_height=&#8221;1.4em&#8221; link_text_color=&#8221;#5951FF&#8221; header_font=&#8221;|||on|||||&#8221; header_text_color=&#8221;#000000&#8243; header_3_font=&#8221;|900|||||||&#8221; header_3_text_color=&#8221;#000000&#8243; header_4_font=&#8221;|700|||||||&#8221; header_4_font_size=&#8221;15px&#8221; custom_padding=&#8221;|25%|||false|false&#8221; custom_padding_tablet=&#8221;|15%|||false|false&#8221; custom_padding_phone=&#8221;|5%|||false|false&#8221; custom_padding_last_edited=&#8221;on|phone&#8221; global_colors_info=&#8221;{}&#8221; link_text_color__hover_enabled=&#8221;on|desktop&#8221; link_text_color__hover=&#8221;#32479C&#8221;]<\/p>\n<p>Especializamo-nos na cria\u00e7\u00e3o de ambientes online personalizados que permitem que as organiza\u00e7\u00f5es prosperem junto do seu p\u00fablico-alvo, quer se tratem de empresas ou entidades da economia social.<\/p>\n<p>Desde plataformas tradicionais de gest\u00e3o de conte\u00fado (CMS) a lojas de com\u00e9rcio eletr\u00f3nico robustas, tiramos partido de tecnologias de ponta para construir websites din\u00e2micos e envolventes adaptados \u00e0s suas necessidades exclusivas.<\/p>\n<p>Com experi\u00eancia numa ampla gama de plataformas, destacamo-nos ao aproveitar todo o potencial das tecnologias mais populares, como o WordPress e o Shopify.<\/p>\n<p>[\/et_pb_text][\/et_pb_column][\/et_pb_row][et_pb_row column_structure=&#8221;1_4,1_4,1_4,1_4&#8243; _builder_version=&#8221;4.21.0&#8243; _module_preset=&#8221;default&#8221; global_colors_info=&#8221;{}&#8221;][et_pb_column type=&#8221;1_4&#8243; _builder_version=&#8221;4.21.0&#8243; _module_preset=&#8221;default&#8221; global_colors_info=&#8221;{}&#8221;][et_pb_image src=&#8221;http:\/\/witty.pt\/wp-content\/uploads\/2023\/07\/wordpress_witty_wd.png&#8221; title_text=&#8221;wordpress_witty_wd_pt&#8221; _builder_version=&#8221;4.21.0&#8243; _module_preset=&#8221;default&#8221; global_colors_info=&#8221;{}&#8221;][\/et_pb_image][\/et_pb_column][et_pb_column type=&#8221;1_4&#8243; _builder_version=&#8221;4.21.0&#8243; _module_preset=&#8221;default&#8221; global_colors_info=&#8221;{}&#8221;][et_pb_image src=&#8221;http:\/\/witty.pt\/wp-content\/uploads\/2023\/07\/woocommerce_witty_wd.png&#8221; title_text=&#8221;woocommerce_witty_wd_pt&#8221; _builder_version=&#8221;4.21.0&#8243; _module_preset=&#8221;default&#8221; global_colors_info=&#8221;{}&#8221;][\/et_pb_image][\/et_pb_column][et_pb_column type=&#8221;1_4&#8243; _builder_version=&#8221;4.21.0&#8243; _module_preset=&#8221;default&#8221; global_colors_info=&#8221;{}&#8221;][et_pb_image src=&#8221;http:\/\/witty.pt\/wp-content\/uploads\/2023\/07\/shopify_witty_wd.png&#8221; title_text=&#8221;shopify_witty_wd_pt&#8221; _builder_version=&#8221;4.21.0&#8243; _module_preset=&#8221;default&#8221; global_colors_info=&#8221;{}&#8221;][\/et_pb_image][\/et_pb_column][et_pb_column type=&#8221;1_4&#8243; _builder_version=&#8221;4.21.0&#8243; _module_preset=&#8221;default&#8221; global_colors_info=&#8221;{}&#8221;][\/et_pb_column][\/et_pb_row][\/et_pb_section][et_pb_section fb_built=&#8221;1&#8243; disabled_on=&#8221;off|off|off&#8221; module_id=&#8221;case-study&#8221; _builder_version=&#8221;4.24.0&#8243; _module_preset=&#8221;default&#8221; background_color=&#8221;#146EFF&#8221; custom_padding=&#8221;15px||15px||false|false&#8221; global_colors_info=&#8221;{}&#8221;][et_pb_row column_structure=&#8221;1_2,1_2&#8243; custom_padding_last_edited=&#8221;on|phone&#8221; _builder_version=&#8221;4.21.0&#8243; _module_preset=&#8221;default&#8221; custom_padding_tablet=&#8221;&#8221; custom_padding_phone=&#8221;||0px||false|false&#8221; global_colors_info=&#8221;{}&#8221;][et_pb_column type=&#8221;1_2&#8243; _builder_version=&#8221;4.21.0&#8243; _module_preset=&#8221;default&#8221; global_colors_info=&#8221;{}&#8221;][et_pb_text _builder_version=&#8221;4.24.0&#8243; _module_preset=&#8221;default&#8221; header_4_font=&#8221;|700|||||||&#8221; header_4_text_color=&#8221;#ffffff&#8221; header_4_font_size=&#8221;46px&#8221; global_colors_info=&#8221;{}&#8221;]<\/p>\n<h4>Case study<\/h4>\n<p>[\/et_pb_text][\/et_pb_column][et_pb_column type=&#8221;1_2&#8243; _builder_version=&#8221;4.21.0&#8243; _module_preset=&#8221;default&#8221; global_colors_info=&#8221;{}&#8221;][\/et_pb_column][\/et_pb_row][et_pb_row column_structure=&#8221;1_2,1_2&#8243; custom_padding_last_edited=&#8221;on|phone&#8221; _builder_version=&#8221;4.21.0&#8243; _module_preset=&#8221;default&#8221; custom_margin=&#8221;-50px||||false|false&#8221; custom_padding_tablet=&#8221;&#8221; custom_padding_phone=&#8221;||||false|false&#8221; global_colors_info=&#8221;{}&#8221;][et_pb_column type=&#8221;1_2&#8243; _builder_version=&#8221;4.21.0&#8243; _module_preset=&#8221;default&#8221; global_colors_info=&#8221;{}&#8221;][et_pb_text _builder_version=&#8221;4.21.0&#8243; _module_preset=&#8221;default&#8221; text_text_color=&#8221;#ffffff&#8221; text_font_size=&#8221;14px&#8221; link_text_color=&#8221;#ffffff&#8221; header_5_font=&#8221;|300||on|||||&#8221; header_5_text_color=&#8221;#ffffff&#8221; global_colors_info=&#8221;{}&#8221; link_text_color__hover_enabled=&#8221;on|hover&#8221; link_text_color__hover=&#8221;#c5c1ff&#8221;]<\/p>\n<h5>CLIENTE<\/h5>\n<p><a href=\"https:\/\/planapp.gov.pt\/\" target=\"_blank\" rel=\"noopener\">PlanAPP<\/a><\/p>\n<p>[\/et_pb_text][et_pb_text _builder_version=&#8221;4.21.0&#8243; _module_preset=&#8221;default&#8221; text_text_color=&#8221;#ffffff&#8221; text_font_size=&#8221;14px&#8221; header_5_font=&#8221;|300||on|||||&#8221; header_5_text_color=&#8221;#ffffff&#8221; global_colors_info=&#8221;{}&#8221;]<\/p>\n<h5>SETOR<\/h5>\n<p>Administra\u00e7\u00e3o P\u00fablica<\/p>\n<p>[\/et_pb_text][et_pb_text _builder_version=&#8221;4.21.0&#8243; _module_preset=&#8221;default&#8221; text_text_color=&#8221;#ffffff&#8221; text_font_size=&#8221;14px&#8221; header_5_font=&#8221;|300||on|||||&#8221; header_5_text_color=&#8221;#ffffff&#8221; global_colors_info=&#8221;{}&#8221;]<\/p>\n<h5>DESAFIO<\/h5>\n<p>Criar um website de f\u00e1cil gest\u00e3o com base no design criado pela ag\u00eancia Ophelia, capaz de incorporar os diferentes departamentos e o conhecimento produzido pela PlanAPP.<\/p>\n<p>[\/et_pb_text][et_pb_text _builder_version=&#8221;4.21.0&#8243; _module_preset=&#8221;default&#8221; text_text_color=&#8221;#ffffff&#8221; text_font_size=&#8221;14px&#8221; header_5_font=&#8221;|300||on|||||&#8221; header_5_text_color=&#8221;#ffffff&#8221; global_colors_info=&#8221;{}&#8221;]<\/p>\n<h5>TECNOLOGIAS UTILIZADAS<\/h5>\n<p>WordPress<\/p>\n<p>[\/et_pb_text][et_pb_text _builder_version=&#8221;4.21.0&#8243; _module_preset=&#8221;default&#8221; global_colors_info=&#8221;{}&#8221;]<a class=\"read-more\" href=\"mailto:hi@witty.pt?subject=Witty,%20Web%20Development%20enquiry\">Quer saber maia acerca deste case study? Fale connosco<\/a>[\/et_pb_text][\/et_pb_column][et_pb_column type=&#8221;1_2&#8243; _builder_version=&#8221;4.21.0&#8243; _module_preset=&#8221;default&#8221; global_colors_info=&#8221;{}&#8221;][et_pb_number_counter title=&#8221;tempo de execu\u00e7\u00e3o do projeto&#8221; number=&#8221;2 meses&#8221; percent_sign=&#8221;off&#8221; _builder_version=&#8221;4.21.0&#8243; _module_preset=&#8221;default&#8221; title_font=&#8221;|300|||||||&#8221; title_font_size=&#8221;15px&#8221; number_font=&#8221;|700|||||||&#8221; number_text_color=&#8221;#ffffff&#8221; text_orientation=&#8221;left&#8221; background_layout=&#8221;dark&#8221; number_font_size_tablet=&#8221;55px&#8221; number_font_size_phone=&#8221;40px&#8221; number_font_size_last_edited=&#8221;on|phone&#8221; global_colors_info=&#8221;{}&#8221;][\/et_pb_number_counter][\/et_pb_column][\/et_pb_row][\/et_pb_section]<\/p>\n","protected":false},"excerpt":{"rendered":"<p>CONSULTORIA \/ Desenvolvimento web Criamos websites bonitos, flex\u00edveis e f\u00e1ceis de usar, verdadeiramente adaptados \u00e0 sua marca e \u00e0s suas necessidades.Especializamo-nos na cria\u00e7\u00e3o de ambientes online personalizados que permitem que as organiza\u00e7\u00f5es prosperem junto do seu p\u00fablico-alvo, quer se tratem de empresas ou entidades da economia social. Desde plataformas tradicionais de gest\u00e3o de conte\u00fado (CMS) [&hellip;]<\/p>\n","protected":false},"author":1,"featured_media":0,"parent":1844,"menu_order":0,"comment_status":"closed","ping_status":"closed","template":"","meta":{"_acf_changed":false,"_et_pb_use_builder":"on","_et_pb_old_content":"","_et_gb_content_width":"","_monsterinsights_skip_tracking":false,"_monsterinsights_sitenote_active":false,"_monsterinsights_sitenote_note":"","_monsterinsights_sitenote_category":0,"footnotes":""},"class_list":["post-1879","page","type-page","status-publish","hentry"],"acf":[],"aioseo_notices":[],"_links":{"self":[{"href":"https:\/\/witty.pt\/pt-pt\/wp-json\/wp\/v2\/pages\/1879","targetHints":{"allow":["GET"]}}],"collection":[{"href":"https:\/\/witty.pt\/pt-pt\/wp-json\/wp\/v2\/pages"}],"about":[{"href":"https:\/\/witty.pt\/pt-pt\/wp-json\/wp\/v2\/types\/page"}],"author":[{"embeddable":true,"href":"https:\/\/witty.pt\/pt-pt\/wp-json\/wp\/v2\/users\/1"}],"replies":[{"embeddable":true,"href":"https:\/\/witty.pt\/pt-pt\/wp-json\/wp\/v2\/comments?post=1879"}],"version-history":[{"count":5,"href":"https:\/\/witty.pt\/pt-pt\/wp-json\/wp\/v2\/pages\/1879\/revisions"}],"predecessor-version":[{"id":2605,"href":"https:\/\/witty.pt\/pt-pt\/wp-json\/wp\/v2\/pages\/1879\/revisions\/2605"}],"up":[{"embeddable":true,"href":"https:\/\/witty.pt\/pt-pt\/wp-json\/wp\/v2\/pages\/1844"}],"wp:attachment":[{"href":"https:\/\/witty.pt\/pt-pt\/wp-json\/wp\/v2\/media?parent=1879"}],"curies":[{"name":"wp","href":"https:\/\/api.w.org\/{rel}","templated":true}]}}