{"id":1860,"date":"2023-07-17T16:25:50","date_gmt":"2023-07-17T16:25:50","guid":{"rendered":"http:\/\/witty.pt\/consultoria\/big-data-e-business-intelligence\/"},"modified":"2025-03-04T11:54:32","modified_gmt":"2025-03-04T11:54:32","slug":"big-data-e-business-intelligence","status":"publish","type":"page","link":"https:\/\/witty.pt\/pt-pt\/consultoria\/big-data-e-business-intelligence\/","title":{"rendered":"Big Data e Business Intelligence"},"content":{"rendered":"<p>[et_pb_section fb_built=&#8221;1&#8243; admin_label=&#8221;Internal pages header&#8221; _builder_version=&#8221;4.16&#8243; _module_preset=&#8221;default&#8221; custom_margin=&#8221;100px||||false|false&#8221; global_colors_info=&#8221;{}&#8221;][et_pb_row _builder_version=&#8221;4.16&#8243; _module_preset=&#8221;default&#8221; global_colors_info=&#8221;{}&#8221;][et_pb_column type=&#8221;4_4&#8243; _builder_version=&#8221;4.16&#8243; _module_preset=&#8221;default&#8221; global_colors_info=&#8221;{}&#8221;][et_pb_text admin_label=&#8221;Title &#038; headline&#8221; _builder_version=&#8221;4.21.0&#8243; _module_preset=&#8221;default&#8221; text_font=&#8221;||||||||&#8221; link_font=&#8221;|300||on|||||&#8221; link_text_color=&#8221;#5951FF&#8221; header_font=&#8221;|300||on|||||&#8221; header_text_color=&#8221;#221F1F&#8221; header_font_size=&#8221;15px&#8221; header_3_font=&#8221;Inter|700|||||||&#8221; header_3_text_color=&#8221;#000000&#8243; header_3_font_size=&#8221;41px&#8221; header_3_line_height=&#8221;1.1em&#8221; custom_padding=&#8221;|25%|||false|false&#8221; custom_padding_tablet=&#8221;|15%|||false|false&#8221; custom_padding_phone=&#8221;|5%|||false|false&#8221; custom_padding_last_edited=&#8221;on|desktop&#8221; header_3_font_size_tablet=&#8221;48px&#8221; header_3_font_size_phone=&#8221;32px&#8221; header_3_font_size_last_edited=&#8221;on|phone&#8221; global_colors_info=&#8221;{}&#8221; link_text_color__hover_enabled=&#8221;on|hover&#8221; link_text_color__hover=&#8221;#32479C&#8221;]<\/p>\n<h1>CONSULTORIA \/ Big Data e Business Intelligence<\/h1>\n<h3>Ao transformar dados em insights valiosos, capacitamos a sua organiza\u00e7\u00e3o a tomar decis\u00f5es orientadas por dados.<\/h3>\n<p>[\/et_pb_text][et_pb_text admin_label=&#8221;Narrow text&#8221; _builder_version=&#8221;4.21.0&#8243; _module_preset=&#8221;default&#8221; text_font=&#8221;Inter||||||||&#8221; text_text_color=&#8221;#221F1F&#8221; text_font_size=&#8221;16px&#8221; text_line_height=&#8221;1.4em&#8221; link_text_color=&#8221;#5951FF&#8221; header_font=&#8221;|||on|||||&#8221; header_text_color=&#8221;#221F1F&#8221; header_3_font=&#8221;|700|||||||&#8221; header_3_text_color=&#8221;#221F1F&#8221; header_4_font=&#8221;|700|||||||&#8221; header_4_font_size=&#8221;15px&#8221; custom_padding=&#8221;|25%|||false|false&#8221; custom_padding_tablet=&#8221;|15%|||false|false&#8221; custom_padding_phone=&#8221;|5%|||false|false&#8221; custom_padding_last_edited=&#8221;on|phone&#8221; global_colors_info=&#8221;{}&#8221; link_text_color__hover_enabled=&#8221;on|desktop&#8221; link_text_color__hover=&#8221;#32479C&#8221;]<\/p>\n<p>No mundo atual, orientado por dados, a informa\u00e7\u00e3o \u00e9 inestim\u00e1vel. Na Witty, aproveitamos a nossa experi\u00eancia para oferecer solu\u00e7\u00f5es personalizadas de big data e business intelligence.<\/p>\n<p>Os nossos analistas estudam a sua organiza\u00e7\u00e3o e o cen\u00e1rio de mercado para identificar os indicadores-chave de desempenho (KPIs) mais relevantes. De seguida, ajudamo-lo a construir a infraestrutura necess\u00e1ria para recolher, armazenar e analisar os dados gerados pelas atividades e intera\u00e7\u00f5es da sua empresa.<\/p>\n<p>[\/et_pb_text][\/et_pb_column][\/et_pb_row][\/et_pb_section]<\/p>\n","protected":false},"excerpt":{"rendered":"<p>CONSULTORIA \/ Big Data e Business Intelligence Ao transformar dados em insights valiosos, capacitamos a sua organiza\u00e7\u00e3o a tomar decis\u00f5es orientadas por dados.No mundo atual, orientado por dados, a informa\u00e7\u00e3o \u00e9 inestim\u00e1vel. Na Witty, aproveitamos a nossa experi\u00eancia para oferecer solu\u00e7\u00f5es personalizadas de big data e business intelligence. Os nossos analistas estudam a sua organiza\u00e7\u00e3o [&hellip;]<\/p>\n","protected":false},"author":1,"featured_media":0,"parent":1844,"menu_order":0,"comment_status":"closed","ping_status":"closed","template":"","meta":{"_acf_changed":false,"_et_pb_use_builder":"on","_et_pb_old_content":"","_et_gb_content_width":"","_monsterinsights_skip_tracking":false,"_monsterinsights_sitenote_active":false,"_monsterinsights_sitenote_note":"","_monsterinsights_sitenote_category":0,"footnotes":""},"class_list":["post-1860","page","type-page","status-publish","hentry"],"acf":[],"aioseo_notices":[],"_links":{"self":[{"href":"https:\/\/witty.pt\/pt-pt\/wp-json\/wp\/v2\/pages\/1860","targetHints":{"allow":["GET"]}}],"collection":[{"href":"https:\/\/witty.pt\/pt-pt\/wp-json\/wp\/v2\/pages"}],"about":[{"href":"https:\/\/witty.pt\/pt-pt\/wp-json\/wp\/v2\/types\/page"}],"author":[{"embeddable":true,"href":"https:\/\/witty.pt\/pt-pt\/wp-json\/wp\/v2\/users\/1"}],"replies":[{"embeddable":true,"href":"https:\/\/witty.pt\/pt-pt\/wp-json\/wp\/v2\/comments?post=1860"}],"version-history":[{"count":5,"href":"https:\/\/witty.pt\/pt-pt\/wp-json\/wp\/v2\/pages\/1860\/revisions"}],"predecessor-version":[{"id":2599,"href":"https:\/\/witty.pt\/pt-pt\/wp-json\/wp\/v2\/pages\/1860\/revisions\/2599"}],"up":[{"embeddable":true,"href":"https:\/\/witty.pt\/pt-pt\/wp-json\/wp\/v2\/pages\/1844"}],"wp:attachment":[{"href":"https:\/\/witty.pt\/pt-pt\/wp-json\/wp\/v2\/media?parent=1860"}],"curies":[{"name":"wp","href":"https:\/\/api.w.org\/{rel}","templated":true}]}}