{"id":1844,"date":"2023-07-17T14:23:47","date_gmt":"2023-07-17T14:23:47","guid":{"rendered":"http:\/\/witty.pt\/consultoria\/"},"modified":"2025-03-04T11:54:24","modified_gmt":"2025-03-04T11:54:24","slug":"consultoria","status":"publish","type":"page","link":"https:\/\/witty.pt\/pt-pt\/consultoria\/","title":{"rendered":"Consultoria"},"content":{"rendered":"<p>[et_pb_section fb_built=&#8221;1&#8243; admin_label=&#8221;Internal pages header&#8221; _builder_version=&#8221;4.16&#8243; _module_preset=&#8221;default&#8221; custom_margin=&#8221;100px||||false|false&#8221; global_colors_info=&#8221;{}&#8221;][et_pb_row _builder_version=&#8221;4.16&#8243; _module_preset=&#8221;default&#8221; global_colors_info=&#8221;{}&#8221;][et_pb_column type=&#8221;4_4&#8243; _builder_version=&#8221;4.16&#8243; _module_preset=&#8221;default&#8221; global_colors_info=&#8221;{}&#8221;][et_pb_text admin_label=&#8221;Title &#038; headline&#8221; _builder_version=&#8221;4.21.0&#8243; _module_preset=&#8221;default&#8221; text_font=&#8221;||||||||&#8221; header_font=&#8221;|300||on|||||&#8221; header_text_color=&#8221;#221F1F&#8221; header_font_size=&#8221;15px&#8221; header_3_font=&#8221;Inter|700|||||||&#8221; header_3_text_color=&#8221;#221F1F&#8221; header_3_font_size=&#8221;41px&#8221; header_3_line_height=&#8221;1.1em&#8221; custom_padding=&#8221;|25%|||false|false&#8221; custom_padding_tablet=&#8221;|15%|||false|false&#8221; custom_padding_phone=&#8221;|5%|||false|false&#8221; custom_padding_last_edited=&#8221;on|desktop&#8221; header_3_font_size_tablet=&#8221;48px&#8221; header_3_font_size_phone=&#8221;32px&#8221; header_3_font_size_last_edited=&#8221;on|desktop&#8221; global_colors_info=&#8221;{}&#8221;]<\/p>\n<h1>CONSULTORIA<\/h1>\n<h3>Somos uma empresa pragm\u00e1tica focada em oferecer solu\u00e7\u00f5es digitais inteligentes para melhorar a tomada de decis\u00f5es, efici\u00eancia, atratividade e vendas da sua empresa.<\/h3>\n<p>[\/et_pb_text][\/et_pb_column][\/et_pb_row][et_pb_row module_id=&#8221;service-highlights-inner&#8221; _builder_version=&#8221;4.21.0&#8243; _module_preset=&#8221;default&#8221; custom_padding=&#8221;||||false|true&#8221; global_colors_info=&#8221;{}&#8221;][et_pb_column type=&#8221;4_4&#8243; _builder_version=&#8221;4.21.0&#8243; _module_preset=&#8221;default&#8221; global_colors_info=&#8221;{}&#8221;][et_pb_blurb title=&#8221;Transforma\u00e7\u00e3o digital&#8221; content_max_width=&#8221;100%&#8221; module_class=&#8221;service-blurb&#8221; _builder_version=&#8221;4.27.4&#8243; _module_preset=&#8221;default&#8221; header_font=&#8221;|700|||||||&#8221; header_text_color=&#8221;#221F1F&#8221; header_font_size=&#8221;38px&#8221; body_font=&#8221;Inter||||||||&#8221; body_text_color=&#8221;#221F1F&#8221; body_link_font=&#8221;Aeonik Fono Regular||||||||&#8221; body_link_text_color=&#8221;#221F1F&#8221; max_width=&#8221;1280%&#8221; custom_padding=&#8221;30px|30%|||false|false&#8221; custom_padding_tablet=&#8221;|10%|||false|false&#8221; custom_padding_phone=&#8221;|5%|||false|false&#8221; custom_padding_last_edited=&#8221;on|desktop&#8221; link_option_url=&#8221;http:\/\/witty.pt\/consulting\/digital-transformation\/&#8221; header_font_size_tablet=&#8221;38px&#8221; header_font_size_phone=&#8221;28px&#8221; header_font_size_last_edited=&#8221;on|phone&#8221; border_width_top=&#8221;1px&#8221; border_color_top=&#8221;#221F1F&#8221; global_colors_info=&#8221;{}&#8221; body_link_text_color__hover_enabled=&#8221;on|hover&#8221; body_link_text_color__hover=&#8221;#5951FF&#8221; sticky_enabled=&#8221;0&#8243; body_link_font_size=&#8221;13px&#8221;]<\/p>\n<p>Transfira o seu neg\u00f3cio do anal\u00f3gico para o digital e utilize tecnologias digitais para criar processos fluidos de neg\u00f3cios e vendas. Crie uma cultura baseada no conhecimento, na flexibilidade e na escalabilidade.<\/p>\n<p><a class=\"read-more\" href=\"http:\/\/witty.pt\/consulting\/digital-transformation\/\">Ler mais<\/a><\/p>\n<p>[\/et_pb_blurb][et_pb_blurb title=&#8221;Big data e business intelligence&#8221; content_max_width=&#8221;100%&#8221; module_class=&#8221;service-blurb&#8221; _builder_version=&#8221;4.21.0&#8243; _module_preset=&#8221;default&#8221; header_font=&#8221;|700|||||||&#8221; header_text_color=&#8221;#221F1F&#8221; header_font_size=&#8221;38px&#8221; body_font=&#8221;Inter||||||||&#8221; body_text_color=&#8221;#221F1F&#8221; body_link_font=&#8221;Aeonik Fono Regular||||||||&#8221; body_link_text_color=&#8221;#221F1F&#8221; max_width=&#8221;1280%&#8221; custom_padding=&#8221;30px|30%|||false|false&#8221; custom_padding_tablet=&#8221;|10%|||false|false&#8221; custom_padding_phone=&#8221;|5%|||false|false&#8221; custom_padding_last_edited=&#8221;on|desktop&#8221; link_option_url=&#8221;http:\/\/witty.pt\/consulting\/big-data-business-intelligence\/&#8221; header_font_size_tablet=&#8221;38px&#8221; header_font_size_phone=&#8221;28px&#8221; header_font_size_last_edited=&#8221;on|phone&#8221; border_width_top=&#8221;1px&#8221; border_color_top=&#8221;#221F1F&#8221; global_colors_info=&#8221;{}&#8221; body_link_text_color__hover_enabled=&#8221;on|hover&#8221; body_link_text_color__hover=&#8221;#5951FF&#8221; body_link_font_size=&#8221;13px&#8221;]Constru\u00edmos solu\u00e7\u00f5es para lhe permitir recolher, armazenar e analisar os dados produzidos pelas atividades da sua empresa. Obtenha relat\u00f3rios de f\u00e1cil compreens\u00e3o e monitorize indicadores-chave de desempenho para melhorar as suas decis\u00f5es de gest\u00e3o.<\/p>\n<p><a class=\"read-more\" href=\"http:\/\/witty.pt\/consulting\/big-data-business-intelligence\/\">Ler mais<\/a>[\/et_pb_blurb][et_pb_blurb title=&#8221;Desenvolvimento web&#8221; content_max_width=&#8221;100%&#8221; module_class=&#8221;service-blurb&#8221; _builder_version=&#8221;4.21.0&#8243; _module_preset=&#8221;default&#8221; header_font=&#8221;|700|||||||&#8221; header_text_color=&#8221;#221F1F&#8221; header_font_size=&#8221;38px&#8221; body_font=&#8221;Inter||||||||&#8221; body_text_color=&#8221;#221F1F&#8221; body_link_font=&#8221;Aeonik Fono Regular||||||||&#8221; body_link_text_color=&#8221;#221F1F&#8221; max_width=&#8221;1280%&#8221; custom_padding=&#8221;30px|30%|||false|false&#8221; custom_padding_tablet=&#8221;|10%|||false|false&#8221; custom_padding_phone=&#8221;|5%|||false|false&#8221; custom_padding_last_edited=&#8221;on|desktop&#8221; link_option_url=&#8221;http:\/\/witty.pt\/consulting\/web-development&#8221; header_font_size_tablet=&#8221;38px&#8221; header_font_size_phone=&#8221;28px&#8221; header_font_size_last_edited=&#8221;on|phone&#8221; border_width_top=&#8221;1px&#8221; border_color_top=&#8221;#221F1F&#8221; global_colors_info=&#8221;{}&#8221; body_link_text_color__hover_enabled=&#8221;on|hover&#8221; body_link_text_color__hover=&#8221;#5951FF&#8221; body_link_font_size=&#8221;13px&#8221;]<\/p>\n<p><span>Criamos o ambiente online da sua organiza\u00e7\u00e3o, desde plataformas CMS tradicionais at\u00e9 lojas de com\u00e9rcio eletr\u00f3nico, utilizando tecnologias como o WordPress, Shopify e muito mais.<\/span><\/p>\n<p><a class=\"read-more\" href=\"http:\/\/witty.pt\/consulting\/web-development\">Ler mais<\/a><\/p>\n<p>[\/et_pb_blurb][et_pb_blurb title=&#8221;Comunica\u00e7\u00e3o e angaria\u00e7\u00e3o de fundos&#8221; content_max_width=&#8221;100%&#8221; module_class=&#8221;service-blurb&#8221; _builder_version=&#8221;4.27.4&#8243; _module_preset=&#8221;default&#8221; header_font=&#8221;|700|||||||&#8221; header_text_color=&#8221;#221F1F&#8221; header_font_size=&#8221;38px&#8221; body_font=&#8221;Inter||||||||&#8221; body_text_color=&#8221;#221F1F&#8221; body_link_font=&#8221;Aeonik Fono Regular||||||||&#8221; body_link_text_color=&#8221;#221F1F&#8221; max_width=&#8221;1280%&#8221; custom_padding=&#8221;30px|30%|||false|false&#8221; custom_padding_tablet=&#8221;|10%|||false|false&#8221; custom_padding_phone=&#8221;|5%|||false|false&#8221; custom_padding_last_edited=&#8221;on|desktop&#8221; link_option_url=&#8221;http:\/\/witty.pt\/consulting\/comms-fundraising&#8221; hover_enabled=&#8221;0&#8243; header_font_size_tablet=&#8221;38px&#8221; header_font_size_phone=&#8221;28px&#8221; header_font_size_last_edited=&#8221;on|phone&#8221; border_width_top=&#8221;1px&#8221; border_color_top=&#8221;#221F1F&#8221; global_colors_info=&#8221;{}&#8221; body_link_text_color__hover_enabled=&#8221;on|hover&#8221; body_link_text_color__hover=&#8221;#5951FF&#8221; body_link_font_size=&#8221;13px&#8221; sticky_enabled=&#8221;0&#8243;]<\/p>\n<p><span>Conte uma hist\u00f3ria que envolva a sua audi\u00eancia com o prop\u00f3sito e posicionamento da sua marca. Crie campanhas de marketing ou angaria\u00e7\u00e3o de fundos eficazes para impulsionar as vendas e a sustentabilidade financeira da sua organiza\u00e7\u00e3o.<\/span><\/p>\n<p><a class=\"read-more\" href=\"http:\/\/witty.pt\/consulting\/comms-fundraising\">Ler mais<\/a><\/p>\n<p>[\/et_pb_blurb][\/et_pb_column][\/et_pb_row][\/et_pb_section][et_pb_section fb_built=&#8221;1&#8243; _builder_version=&#8221;4.24.0&#8243; _module_preset=&#8221;default&#8221; background_color=&#8221;#146EFF&#8221; custom_padding=&#8221;15px||15px||false|false&#8221; global_colors_info=&#8221;{}&#8221;][et_pb_row column_structure=&#8221;1_4,1_4,1_4,1_4&#8243; _builder_version=&#8221;4.21.0&#8243; _module_preset=&#8221;default&#8221; global_colors_info=&#8221;{}&#8221;][et_pb_column type=&#8221;1_4&#8243; _builder_version=&#8221;4.21.0&#8243; _module_preset=&#8221;default&#8221; global_colors_info=&#8221;{}&#8221;][et_pb_number_counter title=&#8221;pa\u00edses com quem trabalhamos&#8221; number=&#8221;5&#8243; percent_sign=&#8221;off&#8221; _builder_version=&#8221;4.21.0&#8243; _module_preset=&#8221;default&#8221; title_font=&#8221;|300|||||||&#8221; title_font_size=&#8221;15px&#8221; number_font=&#8221;|700|||||||&#8221; number_text_color=&#8221;#ffffff&#8221; text_orientation=&#8221;left&#8221; background_layout=&#8221;dark&#8221; global_colors_info=&#8221;{}&#8221;][\/et_pb_number_counter][\/et_pb_column][et_pb_column type=&#8221;1_4&#8243; _builder_version=&#8221;4.21.0&#8243; _module_preset=&#8221;default&#8221; global_colors_info=&#8221;{}&#8221;][et_pb_number_counter title=&#8221;euros oferecidos em servi\u00e7os&#8221; number=&#8221;20k&#8221; percent_sign=&#8221;off&#8221; _builder_version=&#8221;4.21.0&#8243; _module_preset=&#8221;default&#8221; title_font=&#8221;|300|||||||&#8221; title_font_size=&#8221;15px&#8221; number_font=&#8221;|700|||||||&#8221; number_text_color=&#8221;#ffffff&#8221; text_orientation=&#8221;left&#8221; background_layout=&#8221;dark&#8221; global_colors_info=&#8221;{}&#8221;][\/et_pb_number_counter][\/et_pb_column][et_pb_column type=&#8221;1_4&#8243; _builder_version=&#8221;4.21.0&#8243; _module_preset=&#8221;default&#8221; global_colors_info=&#8221;{}&#8221;][et_pb_number_counter title=&#8221;nonprofits no nosso programa Give Back&#8221; number=&#8221;6&#8243; percent_sign=&#8221;off&#8221; _builder_version=&#8221;4.21.0&#8243; _module_preset=&#8221;default&#8221; title_font=&#8221;|300|||||||&#8221; title_font_size=&#8221;15px&#8221; number_font=&#8221;|700|||||||&#8221; number_text_color=&#8221;#ffffff&#8221; text_orientation=&#8221;left&#8221; background_layout=&#8221;dark&#8221; global_colors_info=&#8221;{}&#8221;][\/et_pb_number_counter][\/et_pb_column][et_pb_column type=&#8221;1_4&#8243; _builder_version=&#8221;4.21.0&#8243; _module_preset=&#8221;default&#8221; global_colors_info=&#8221;{}&#8221;][et_pb_number_counter title=&#8221;satisfa\u00e7\u00e3o de clientes&#8221; number=&#8221;92&#8243; _builder_version=&#8221;4.21.0&#8243; _module_preset=&#8221;default&#8221; title_font=&#8221;|300|||||||&#8221; title_font_size=&#8221;15px&#8221; number_font=&#8221;|700|||||||&#8221; number_text_color=&#8221;#ffffff&#8221; text_orientation=&#8221;left&#8221; background_layout=&#8221;dark&#8221; global_colors_info=&#8221;{}&#8221;][\/et_pb_number_counter][\/et_pb_column][\/et_pb_row][\/et_pb_section]<\/p>\n","protected":false},"excerpt":{"rendered":"<p>CONSULTORIA Somos uma empresa pragm\u00e1tica focada em oferecer solu\u00e7\u00f5es digitais inteligentes para melhorar a tomada de decis\u00f5es, efici\u00eancia, atratividade e vendas da sua empresa.Transfira o seu neg\u00f3cio do anal\u00f3gico para o digital e utilize tecnologias digitais para criar processos fluidos de neg\u00f3cios e vendas. Crie uma cultura baseada no conhecimento, na flexibilidade e na escalabilidade. [&hellip;]<\/p>\n","protected":false},"author":1,"featured_media":0,"parent":0,"menu_order":0,"comment_status":"closed","ping_status":"closed","template":"","meta":{"_acf_changed":false,"_et_pb_use_builder":"on","_et_pb_old_content":"","_et_gb_content_width":"","_monsterinsights_skip_tracking":false,"_monsterinsights_sitenote_active":false,"_monsterinsights_sitenote_note":"","_monsterinsights_sitenote_category":0,"footnotes":""},"class_list":["post-1844","page","type-page","status-publish","hentry"],"acf":[],"aioseo_notices":[],"_links":{"self":[{"href":"https:\/\/witty.pt\/pt-pt\/wp-json\/wp\/v2\/pages\/1844","targetHints":{"allow":["GET"]}}],"collection":[{"href":"https:\/\/witty.pt\/pt-pt\/wp-json\/wp\/v2\/pages"}],"about":[{"href":"https:\/\/witty.pt\/pt-pt\/wp-json\/wp\/v2\/types\/page"}],"author":[{"embeddable":true,"href":"https:\/\/witty.pt\/pt-pt\/wp-json\/wp\/v2\/users\/1"}],"replies":[{"embeddable":true,"href":"https:\/\/witty.pt\/pt-pt\/wp-json\/wp\/v2\/comments?post=1844"}],"version-history":[{"count":13,"href":"https:\/\/witty.pt\/pt-pt\/wp-json\/wp\/v2\/pages\/1844\/revisions"}],"predecessor-version":[{"id":2597,"href":"https:\/\/witty.pt\/pt-pt\/wp-json\/wp\/v2\/pages\/1844\/revisions\/2597"}],"wp:attachment":[{"href":"https:\/\/witty.pt\/pt-pt\/wp-json\/wp\/v2\/media?parent=1844"}],"curies":[{"name":"wp","href":"https:\/\/api.w.org\/{rel}","templated":true}]}}