{"id":1828,"date":"2023-07-17T14:06:24","date_gmt":"2023-07-17T14:06:24","guid":{"rendered":"http:\/\/witty.pt\/about-pt\/"},"modified":"2025-03-04T11:47:53","modified_gmt":"2025-03-04T11:47:53","slug":"about-pt","status":"publish","type":"page","link":"https:\/\/witty.pt\/pt-pt\/about-pt\/","title":{"rendered":"Sobre"},"content":{"rendered":"<p>[et_pb_section fb_built=&#8221;1&#8243; admin_label=&#8221;Internal pages header&#8221; _builder_version=&#8221;4.16&#8243; _module_preset=&#8221;default&#8221; custom_margin=&#8221;100px||||false|false&#8221; global_colors_info=&#8221;{}&#8221;][et_pb_row _builder_version=&#8221;4.16&#8243; _module_preset=&#8221;default&#8221; global_colors_info=&#8221;{}&#8221;][et_pb_column type=&#8221;4_4&#8243; _builder_version=&#8221;4.16&#8243; _module_preset=&#8221;default&#8221; global_colors_info=&#8221;{}&#8221;][et_pb_text admin_label=&#8221;Title &#038; headline&#8221; _builder_version=&#8221;4.27.4&#8243; _module_preset=&#8221;default&#8221; text_font=&#8221;||||||||&#8221; header_font=&#8221;|300||on|||||&#8221; header_text_color=&#8221;#000000&#8243; header_font_size=&#8221;15px&#8221; header_3_font=&#8221;Inter|700|||||||&#8221; header_3_text_color=&#8221;#221F1F&#8221; header_3_font_size=&#8221;41px&#8221; header_3_line_height=&#8221;1.1em&#8221; custom_padding=&#8221;|25%|||false|false&#8221; custom_padding_tablet=&#8221;|15%|||false|false&#8221; custom_padding_phone=&#8221;|5%|||false|false&#8221; custom_padding_last_edited=&#8221;on|desktop&#8221; header_3_font_size_tablet=&#8221;48px&#8221; header_3_font_size_phone=&#8221;32px&#8221; header_3_font_size_last_edited=&#8221;on|phone&#8221; global_colors_info=&#8221;{}&#8221;]<\/p>\n<h1>SOBRE<\/h1>\n<h3>A Witty \u00e9 uma empresa de consultoria composta por otimistas inovadores focados na transforma\u00e7\u00e3o digital e na intelig\u00eancia de neg\u00f3cios.<\/h3>\n<p>[\/et_pb_text][et_pb_text admin_label=&#8221;Narrow text&#8221; _builder_version=&#8221;4.21.0&#8243; _module_preset=&#8221;default&#8221; text_font=&#8221;Inter||||||||&#8221; text_text_color=&#8221;#221F1F&#8221; text_font_size=&#8221;16px&#8221; text_line_height=&#8221;1.4em&#8221; link_text_color=&#8221;#5951FF&#8221; header_font=&#8221;|||on|||||&#8221; header_text_color=&#8221;#000000&#8243; header_3_font=&#8221;|900|||||||&#8221; header_3_text_color=&#8221;#000000&#8243; header_4_font=&#8221;|700|||||||&#8221; header_4_font_size=&#8221;15px&#8221; custom_padding=&#8221;|25%|||false|false&#8221; custom_padding_tablet=&#8221;|15%|||false|false&#8221; custom_padding_phone=&#8221;|5%|||false|false&#8221; custom_padding_last_edited=&#8221;on|phone&#8221; global_colors_info=&#8221;{}&#8221; link_text_color__hover_enabled=&#8221;on|desktop&#8221; link_text_color__hover=&#8221;#32479C&#8221;]<\/p>\n<p>Temos mais de 15 anos de experi\u00eancia a trabalhar com PMEs, organiza\u00e7\u00f5es do setor p\u00fablico e organiza\u00e7\u00f5es de impacto, ajudando-as a criar solu\u00e7\u00f5es pr\u00e1ticas e inteligentes para digitalizar fluxos de trabalho e dados, melhorar a tomada de decis\u00e3o e alinhar as marcas com o seu prop\u00f3sito e as expectativas do seu p\u00fablico.<br \/>Estamos habituados a falar com CEOs e departamentos de inova\u00e7\u00e3o e marketing, apoiando-os na busca por melhores resultados e um impacto positivo.<\/p>\n<p>Acreditamos que o trabalho \u00e1rduo, o compromisso e relacionamentos de longo prazo com os nossos clientes compensam.<\/p>\n<p><a href=\"mailto:hi@witty.pt\">Entre em contacto<\/a> e deixe-nos fazer parte da sua hist\u00f3ria.<br \/>Estamos comprometidos com a sua transforma\u00e7\u00e3o.<\/p>\n<p>[\/et_pb_text][\/et_pb_column][\/et_pb_row][\/et_pb_section][et_pb_section fb_built=&#8221;1&#8243; _builder_version=&#8221;4.24.0&#8243; _module_preset=&#8221;default&#8221; background_color=&#8221;#146EFF&#8221; custom_padding=&#8221;15px||15px||false|false&#8221; global_colors_info=&#8221;{}&#8221;][et_pb_row column_structure=&#8221;1_4,1_4,1_4,1_4&#8243; _builder_version=&#8221;4.21.0&#8243; _module_preset=&#8221;default&#8221; global_colors_info=&#8221;{}&#8221;][et_pb_column type=&#8221;1_4&#8243; _builder_version=&#8221;4.21.0&#8243; _module_preset=&#8221;default&#8221; global_colors_info=&#8221;{}&#8221;][et_pb_number_counter title=&#8221;pa\u00edses com quem trabalhamos&#8221; number=&#8221;5&#8243; percent_sign=&#8221;off&#8221; _builder_version=&#8221;4.21.0&#8243; _module_preset=&#8221;default&#8221; title_font=&#8221;|300|||||||&#8221; title_font_size=&#8221;15px&#8221; number_font=&#8221;|700|||||||&#8221; number_text_color=&#8221;#ffffff&#8221; text_orientation=&#8221;left&#8221; background_layout=&#8221;dark&#8221; global_colors_info=&#8221;{}&#8221;][\/et_pb_number_counter][\/et_pb_column][et_pb_column type=&#8221;1_4&#8243; _builder_version=&#8221;4.21.0&#8243; _module_preset=&#8221;default&#8221; global_colors_info=&#8221;{}&#8221;][et_pb_number_counter title=&#8221;euros oferecidos em servi\u00e7os&#8221; number=&#8221;20k&#8221; percent_sign=&#8221;off&#8221; _builder_version=&#8221;4.21.0&#8243; _module_preset=&#8221;default&#8221; title_font=&#8221;|300|||||||&#8221; title_font_size=&#8221;15px&#8221; number_font=&#8221;|700|||||||&#8221; number_text_color=&#8221;#ffffff&#8221; text_orientation=&#8221;left&#8221; background_layout=&#8221;dark&#8221; global_colors_info=&#8221;{}&#8221;][\/et_pb_number_counter][\/et_pb_column][et_pb_column type=&#8221;1_4&#8243; _builder_version=&#8221;4.21.0&#8243; _module_preset=&#8221;default&#8221; global_colors_info=&#8221;{}&#8221;][et_pb_number_counter title=&#8221;nonprofits no nosso programa Give Back&#8221; number=&#8221;6&#8243; percent_sign=&#8221;off&#8221; _builder_version=&#8221;4.21.0&#8243; _module_preset=&#8221;default&#8221; title_font=&#8221;|300|||||||&#8221; title_font_size=&#8221;15px&#8221; number_font=&#8221;|700|||||||&#8221; number_text_color=&#8221;#ffffff&#8221; text_orientation=&#8221;left&#8221; background_layout=&#8221;dark&#8221; global_colors_info=&#8221;{}&#8221;][\/et_pb_number_counter][\/et_pb_column][et_pb_column type=&#8221;1_4&#8243; _builder_version=&#8221;4.21.0&#8243; _module_preset=&#8221;default&#8221; global_colors_info=&#8221;{}&#8221;][et_pb_number_counter title=&#8221;satisfa\u00e7\u00e3o de clientes&#8221; number=&#8221;92&#8243; _builder_version=&#8221;4.21.0&#8243; _module_preset=&#8221;default&#8221; title_font=&#8221;|300|||||||&#8221; title_font_size=&#8221;15px&#8221; number_font=&#8221;|700|||||||&#8221; number_text_color=&#8221;#ffffff&#8221; text_orientation=&#8221;left&#8221; background_layout=&#8221;dark&#8221; global_colors_info=&#8221;{}&#8221;][\/et_pb_number_counter][\/et_pb_column][\/et_pb_row][\/et_pb_section]<\/p>\n","protected":false},"excerpt":{"rendered":"<p>SOBRE A Witty \u00e9 uma empresa de consultoria composta por otimistas inovadores focados na transforma\u00e7\u00e3o digital e na intelig\u00eancia de neg\u00f3cios.Temos mais de 15 anos de experi\u00eancia a trabalhar com PMEs, organiza\u00e7\u00f5es do setor p\u00fablico e organiza\u00e7\u00f5es de impacto, ajudando-as a criar solu\u00e7\u00f5es pr\u00e1ticas e inteligentes para digitalizar fluxos de trabalho e dados, melhorar a [&hellip;]<\/p>\n","protected":false},"author":1,"featured_media":0,"parent":0,"menu_order":0,"comment_status":"closed","ping_status":"closed","template":"","meta":{"_acf_changed":false,"_et_pb_use_builder":"on","_et_pb_old_content":"","_et_gb_content_width":"","_monsterinsights_skip_tracking":false,"_monsterinsights_sitenote_active":false,"_monsterinsights_sitenote_note":"","_monsterinsights_sitenote_category":0,"footnotes":""},"class_list":["post-1828","page","type-page","status-publish","hentry"],"acf":[],"aioseo_notices":[],"_links":{"self":[{"href":"https:\/\/witty.pt\/pt-pt\/wp-json\/wp\/v2\/pages\/1828","targetHints":{"allow":["GET"]}}],"collection":[{"href":"https:\/\/witty.pt\/pt-pt\/wp-json\/wp\/v2\/pages"}],"about":[{"href":"https:\/\/witty.pt\/pt-pt\/wp-json\/wp\/v2\/types\/page"}],"author":[{"embeddable":true,"href":"https:\/\/witty.pt\/pt-pt\/wp-json\/wp\/v2\/users\/1"}],"replies":[{"embeddable":true,"href":"https:\/\/witty.pt\/pt-pt\/wp-json\/wp\/v2\/comments?post=1828"}],"version-history":[{"count":14,"href":"https:\/\/witty.pt\/pt-pt\/wp-json\/wp\/v2\/pages\/1828\/revisions"}],"predecessor-version":[{"id":2586,"href":"https:\/\/witty.pt\/pt-pt\/wp-json\/wp\/v2\/pages\/1828\/revisions\/2586"}],"wp:attachment":[{"href":"https:\/\/witty.pt\/pt-pt\/wp-json\/wp\/v2\/media?parent=1828"}],"curies":[{"name":"wp","href":"https:\/\/api.w.org\/{rel}","templated":true}]}}