{"id":1822,"date":"2023-07-14T11:20:38","date_gmt":"2023-07-14T11:20:38","guid":{"rendered":"http:\/\/witty.pt\/home-pt\/"},"modified":"2025-02-20T11:11:09","modified_gmt":"2025-02-20T11:11:09","slug":"home","status":"publish","type":"page","link":"https:\/\/witty.pt\/pt-pt\/","title":{"rendered":"Home pt"},"content":{"rendered":"<p>[et_pb_section fb_built=&#8221;1&#8243; _builder_version=&#8221;4.27.4&#8243; _module_preset=&#8221;default&#8221; background_color=&#8221;#E9E7E7&#8243; height=&#8221;55vh&#8221; custom_padding=&#8221;||||false|false&#8221; hover_enabled=&#8221;0&#8243; global_colors_info=&#8221;{}&#8221; height_last_edited=&#8221;on|phone&#8221; sticky_enabled=&#8221;0&#8243; height_phone=&#8221;60vh&#8221; height_tablet=&#8221;55vh&#8221;][et_pb_row _builder_version=&#8221;4.27.4&#8243; _module_preset=&#8221;default&#8221; custom_padding=&#8221;10vh||5vh||false|false&#8221; global_colors_info=&#8221;{}&#8221;][et_pb_column type=&#8221;4_4&#8243; _builder_version=&#8221;4.27.4&#8243; _module_preset=&#8221;default&#8221; global_colors_info=&#8221;{}&#8221;][et_pb_text admin_label=&#8221;h1&#8243; _builder_version=&#8221;4.27.4&#8243; _module_preset=&#8221;default&#8221; header_font=&#8221;|700|||||||&#8221; header_text_color=&#8221;#221F1F&#8221; header_font_size=&#8221;46px&#8221; max_width=&#8221;700px&#8221; custom_margin=&#8221;||0px||false|false&#8221; custom_margin_tablet=&#8221;||0px||false|false&#8221; custom_margin_phone=&#8221;||0px||false|false&#8221; custom_margin_last_edited=&#8221;on|desktop&#8221; custom_padding=&#8221;||0px||false|false&#8221; hover_enabled=&#8221;0&#8243; global_colors_info=&#8221;{}&#8221; header_font_size_last_edited=&#8221;on|phone&#8221; sticky_enabled=&#8221;0&#8243; header_font_size_phone=&#8221;32px&#8221; text_font_size_last_edited=&#8221;on|desktop&#8221; text_font_size_phone=&#8221;15px&#8221; header_font_size_tablet=&#8221;46px&#8221;]<\/p>\n<h1 class=\"witty-claim\">Comprometidos com a sua transforma\u00e7\u00e3o<\/h1>\n<p>[\/et_pb_text][et_pb_text _builder_version=&#8221;4.27.4&#8243; _module_preset=&#8221;default&#8221; text_font=&#8221;||||||||&#8221; text_text_color=&#8221;#221F1F&#8221; text_font_size=&#8221;17px&#8221; text_line_height=&#8221;1.2em&#8221; max_width=&#8221;700px&#8221; hover_enabled=&#8221;0&#8243; global_colors_info=&#8221;{}&#8221; text_font_size_last_edited=&#8221;on|phone&#8221; sticky_enabled=&#8221;0&#8243; text_font_size_phone=&#8221;14px&#8221; text_font_size_tablet=&#8221;17px&#8221;]<\/p>\n<p>A Witty \u00e9 uma empresa de consultoria composta por otimistas inovadores focados na transforma\u00e7\u00e3o digital e na intelig\u00eancia de neg\u00f3cios.<\/p>\n<p>[\/et_pb_text][et_pb_text _builder_version=&#8221;4.27.4&#8243; _module_preset=&#8221;default&#8221; text_text_color=&#8221;#146EFF&#8221; link_text_color=&#8221;#146EFF&#8221; link_font_size=&#8221;13px&#8221; global_colors_info=&#8221;{}&#8221; link_text_color__hover_enabled=&#8221;on|hover&#8221; link_text_color__hover=&#8221;#32479c&#8221;]<a class=\"simple-button\" href=\"https:\/\/witty.pt\/pt-pt\/about-pt\/\">Sobre a Witty<\/a>[\/et_pb_text][\/et_pb_column][\/et_pb_row][\/et_pb_section][et_pb_section fb_built=&#8221;1&#8243; custom_padding_last_edited=&#8221;on|phone&#8221; admin_label=&#8221;What we do&#8221; module_id=&#8221;whatwedo&#8221; _builder_version=&#8221;4.27.4&#8243; custom_padding=&#8221;6vh||10px||false|false&#8221; custom_padding_tablet=&#8221;6vh||10px||false|false&#8221; custom_padding_phone=&#8221;1vh||0px||false|false&#8221; global_colors_info=&#8221;{}&#8221;][et_pb_row custom_padding_last_edited=&#8221;on|phone&#8221; _builder_version=&#8221;4.27.4&#8243; max_width=&#8221;1120px&#8221; custom_padding_tablet=&#8221;&#8221; custom_padding_phone=&#8221;10px||||false|false&#8221; global_colors_info=&#8221;{}&#8221;][et_pb_column type=&#8221;4_4&#8243; _builder_version=&#8221;4.16&#8243; custom_padding=&#8221;|||&#8221; global_colors_info=&#8221;{}&#8221; custom_padding__hover=&#8221;|||&#8221;][et_pb_text admin_label=&#8221;What we do Title&#8221; _builder_version=&#8221;4.27.4&#8243; text_font=&#8221;||||&#8221; text_text_color=&#8221;#1a1a1a&#8221; header_font=&#8221;|900|||||||&#8221; header_text_align=&#8221;left&#8221; header_text_color=&#8221;#000000&#8243; header_font_size=&#8221;60px&#8221; header_line_height=&#8221;1.3em&#8221; header_2_font=&#8221;|300||on|||||&#8221; header_2_text_align=&#8221;left&#8221; header_2_text_color=&#8221;#000000&#8243; header_2_font_size=&#8221;15px&#8221; header_3_font=&#8221;Inter|700|||||||&#8221; header_3_text_align=&#8221;left&#8221; header_3_text_color=&#8221;#000000&#8243; header_3_font_size=&#8221;35px&#8221; custom_margin=&#8221;||1px||false|false&#8221; custom_margin_tablet=&#8221;&#8221; custom_margin_phone=&#8221;50px||||false|false&#8221; custom_margin_last_edited=&#8221;on|phone&#8221; animation_style=&#8221;slide&#8221; animation_direction=&#8221;top&#8221; animation_intensity_slide=&#8221;10%&#8221; header_text_align_tablet=&#8221;right&#8221; header_text_align_phone=&#8221;left&#8221; header_text_align_last_edited=&#8221;on|phone&#8221; global_colors_info=&#8221;{}&#8221;]<\/p>\n<h2>Consultoria<\/h2>\n<h3>O que fazemos<\/h3>\n<p>[\/et_pb_text][et_pb_text disabled_on=&#8221;off|off|off&#8221; admin_label=&#8221;What we do Sub Title&#8221; _builder_version=&#8221;4.27.4&#8243; text_font=&#8221;||||||||&#8221; text_text_color=&#8221;#221F1F&#8221; text_line_height=&#8221;1.3em&#8221; max_width=&#8221;700px&#8221; animation_style=&#8221;slide&#8221; animation_direction=&#8221;top&#8221; animation_intensity_slide=&#8221;10%&#8221; global_colors_info=&#8221;{}&#8221;]<\/p>\n<p>Somos uma empresa pragm\u00e1tica focada em oferecer solu\u00e7\u00f5es digitais inteligentes para melhorar a tomada de decis\u00f5es, efici\u00eancia, atratividade e vendas da sua empresa.<\/p>\n<p>[\/et_pb_text][\/et_pb_column][\/et_pb_row][et_pb_row column_structure=&#8221;1_4,1_4,1_4,1_4&#8243; use_custom_gutter=&#8221;on&#8221; gutter_width=&#8221;2&#8243; custom_padding_last_edited=&#8221;on|phone&#8221; _builder_version=&#8221;4.27.4&#8243; max_width=&#8221;1120px&#8221; custom_padding_tablet=&#8221;&#8221; custom_padding_phone=&#8221;10px||||false|false&#8221; global_colors_info=&#8221;{}&#8221;][et_pb_column type=&#8221;1_4&#8243; _builder_version=&#8221;4.16&#8243; custom_padding=&#8221;|||&#8221; global_colors_info=&#8221;{}&#8221; custom_padding__hover=&#8221;|||&#8221;][et_pb_blurb title=&#8221;Transforma\u00e7\u00e3o digital&#8221; module_id=&#8221;home-blurb&#8221; _builder_version=&#8221;4.27.4&#8243; _dynamic_attributes=&#8221;link_option_url&#8221; _module_preset=&#8221;default&#8221; header_font=&#8221;|700|||||||&#8221; header_text_color=&#8221;#221F1F&#8221; header_font_size=&#8221;19px&#8221; body_font=&#8221;||||||||&#8221; body_text_color=&#8221;#221F1F&#8221; body_font_size=&#8221;14px&#8221; body_line_height=&#8221;1.1em&#8221; body_link_text_color=&#8221;#146EFF&#8221; body_link_font_size=&#8221;13px&#8221; background_color=&#8221;#f4f4f4&#8243; min_height=&#8221;280px&#8221; custom_padding=&#8221;30px|20px|30px|20px|true|true&#8221; link_option_url=&#8221;@ET-DC@eyJkeW5hbWljIjp0cnVlLCJjb250ZW50IjoicG9zdF9saW5rX3VybF9wYWdlIiwic2V0dGluZ3MiOnsicG9zdF9pZCI6IjE1NTUifX0=@&#8221; border_radii=&#8221;on|20px|20px|20px|20px&#8221; global_colors_info=&#8221;{}&#8221; body_link_text_color__hover_enabled=&#8221;on|hover&#8221; body_link_text_color__hover=&#8221;#32479C&#8221; background__hover_enabled=&#8221;on|hover&#8221; background_color__hover=&#8221;#E9E7E7&#8243; background_enable_color__hover=&#8221;on&#8221;]Transfira o seu neg\u00f3cio do anal\u00f3gico para o digital e utilize tecnologias digitais para criar processos fluidos de neg\u00f3cios e vendas. Crie uma cultura baseada no conhecimento, na flexibilidade e na escalabilidade.<\/p>\n<p>&nbsp;<\/p>\n<p><a class=\"simple-button\" href=\"https:\/\/witty.pt\/pt-pt\/consultoria\/transformacao-digital\/\">Ler mais<\/a>[\/et_pb_blurb][\/et_pb_column][et_pb_column type=&#8221;1_4&#8243; _builder_version=&#8221;4.16&#8243; custom_padding=&#8221;|||&#8221; global_colors_info=&#8221;{}&#8221; custom_padding__hover=&#8221;|||&#8221;][et_pb_blurb title=&#8221;Big data e business intelligence&#8221; module_id=&#8221;home-blurb&#8221; _builder_version=&#8221;4.27.4&#8243; _dynamic_attributes=&#8221;link_option_url&#8221; _module_preset=&#8221;default&#8221; header_font=&#8221;|700|||||||&#8221; header_text_color=&#8221;#221F1F&#8221; header_font_size=&#8221;19px&#8221; body_font=&#8221;||||||||&#8221; body_text_color=&#8221;#221F1F&#8221; body_font_size=&#8221;14px&#8221; body_line_height=&#8221;1.1em&#8221; body_link_text_color=&#8221;#146EFF&#8221; body_link_font_size=&#8221;13px&#8221; background_color=&#8221;#f4f4f4&#8243; min_height=&#8221;280px&#8221; custom_padding=&#8221;30px|20px|30px|20px|true|true&#8221; link_option_url=&#8221;@ET-DC@eyJkeW5hbWljIjp0cnVlLCJjb250ZW50IjoicG9zdF9saW5rX3VybF9wYWdlIiwic2V0dGluZ3MiOnsicG9zdF9pZCI6IjE1OTcifX0=@&#8221; border_radii=&#8221;on|20px|20px|20px|20px&#8221; global_colors_info=&#8221;{}&#8221; body_link_text_color__hover_enabled=&#8221;on|hover&#8221; body_link_text_color__hover=&#8221;#32479C&#8221; background_color__hover=&#8221;#E9E7E7&#8243; background_enable_color__hover=&#8221;on&#8221; background__hover_enabled=&#8221;on|hover&#8221;]<span>Constru\u00edmos solu\u00e7\u00f5es para lhe permitir recolher, armazenar e analisar os dados produzidos pelas atividades da sua empresa. Obtenha relat\u00f3rios de f\u00e1cil compreens\u00e3o e monitorize indicadores-chave de desempenho para melhorar as suas decis\u00f5es de gest\u00e3o<\/span>.<\/p>\n<p>&nbsp;<\/p>\n<p><a class=\"simple-button\" href=\"https:\/\/witty.pt\/pt-pt\/consultoria\/big-data-e-business-intelligence\/\">Ler mais<\/a>[\/et_pb_blurb][\/et_pb_column][et_pb_column type=&#8221;1_4&#8243; _builder_version=&#8221;4.16&#8243; custom_padding=&#8221;|||&#8221; global_colors_info=&#8221;{}&#8221; custom_padding__hover=&#8221;|||&#8221;][et_pb_blurb title=&#8221;Desenvolvimento web &#8221; module_id=&#8221;home-blurb&#8221; _builder_version=&#8221;4.27.4&#8243; _dynamic_attributes=&#8221;link_option_url&#8221; _module_preset=&#8221;default&#8221; header_font=&#8221;|700|||||||&#8221; header_text_color=&#8221;#221F1F&#8221; header_font_size=&#8221;19px&#8221; body_font=&#8221;||||||||&#8221; body_text_color=&#8221;#221F1F&#8221; body_font_size=&#8221;14px&#8221; body_line_height=&#8221;1.1em&#8221; body_link_text_color=&#8221;#146EFF&#8221; body_link_font_size=&#8221;13px&#8221; background_color=&#8221;#f4f4f4&#8243; min_height=&#8221;280px&#8221; custom_padding=&#8221;30px|20px|30px|20px|true|true&#8221; link_option_url=&#8221;@ET-DC@eyJkeW5hbWljIjp0cnVlLCJjb250ZW50IjoicG9zdF9saW5rX3VybF9wYWdlIiwic2V0dGluZ3MiOnsicG9zdF9pZCI6IjE2MDEifX0=@&#8221; border_radii=&#8221;on|20px|20px|20px|20px&#8221; global_colors_info=&#8221;{}&#8221; body_link_text_color__hover_enabled=&#8221;on|hover&#8221; body_link_text_color__hover=&#8221;#32479C&#8221; background_color__hover=&#8221;#E9E7E7&#8243; background_enable_color__hover=&#8221;on&#8221; background__hover_enabled=&#8221;on|hover&#8221;]Criamos o ambiente online da sua organiza\u00e7\u00e3o, desde plataformas CMS tradicionais at\u00e9 lojas de com\u00e9rcio eletr\u00f3nico, utilizando tecnologias como o WordPress, Shopify e muito mais.<\/p>\n<p>&nbsp;<\/p>\n<p><a class=\"simple-button\" href=\"https:\/\/witty.pt\/pt-pt\/consultoria\/desenvolvimento-web\/\">Ler mais<\/a>[\/et_pb_blurb][\/et_pb_column][et_pb_column type=&#8221;1_4&#8243; _builder_version=&#8221;4.16&#8243; custom_padding=&#8221;|||&#8221; global_colors_info=&#8221;{}&#8221; custom_padding__hover=&#8221;|||&#8221;][et_pb_blurb title=&#8221;Comunica\u00e7\u00e3o e angaria\u00e7\u00e3o de fundos&#8221; module_id=&#8221;home-blurb&#8221; _builder_version=&#8221;4.27.4&#8243; _dynamic_attributes=&#8221;link_option_url&#8221; _module_preset=&#8221;default&#8221; header_font=&#8221;|700|||||||&#8221; header_text_color=&#8221;#221F1F&#8221; header_font_size=&#8221;19px&#8221; body_font=&#8221;||||||||&#8221; body_text_color=&#8221;#221F1F&#8221; body_font_size=&#8221;14px&#8221; body_line_height=&#8221;1.1em&#8221; body_link_text_color=&#8221;#146EFF&#8221; body_link_font_size=&#8221;13px&#8221; background_color=&#8221;#f4f4f4&#8243; min_height=&#8221;280px&#8221; custom_padding=&#8221;30px|20px|30px|20px|true|true&#8221; link_option_url=&#8221;@ET-DC@eyJkeW5hbWljIjp0cnVlLCJjb250ZW50IjoicG9zdF9saW5rX3VybF9wYWdlIiwic2V0dGluZ3MiOnsicG9zdF9pZCI6IjE2MTEifX0=@&#8221; border_radii=&#8221;on|20px|20px|20px|20px&#8221; global_colors_info=&#8221;{}&#8221; body_link_text_color__hover_enabled=&#8221;on|hover&#8221; body_link_text_color__hover=&#8221;#32479C&#8221; background_color__hover=&#8221;#E9E7E7&#8243; background_enable_color__hover=&#8221;on&#8221; background__hover_enabled=&#8221;on|hover&#8221;]<span>Conte uma hist\u00f3ria que envolva a sua audi\u00eancia com o prop\u00f3sito e posicionamento da sua marca. Crie campanhas de marketing ou angaria\u00e7\u00e3o de fundos eficazes para impulsionar as vendas e a sustentabilidade financeira da sua organiza\u00e7\u00e3o<\/span>.<\/p>\n<p>&nbsp;<\/p>\n<p><a class=\"simple-button\" href=\"https:\/\/witty.pt\/pt-pt\/consultoria\/comunicacao-e-angariacao-de-fundos\/\">Ler mais<\/a>[\/et_pb_blurb][\/et_pb_column][\/et_pb_row][\/et_pb_section][et_pb_section fb_built=&#8221;1&#8243; custom_padding_last_edited=&#8221;on|phone&#8221; admin_label=&#8221;What we&#8217;ve been up too&#8221; module_id=&#8221;whatwedo&#8221; _builder_version=&#8221;4.21.0&#8243; background_color=&#8221;RGBA(255,255,255,0)&#8221; custom_padding=&#8221;||10px||false|false&#8221; custom_padding_tablet=&#8221;110px||10px||false|false&#8221; custom_padding_phone=&#8221;1vh||0px||false|false&#8221; global_colors_info=&#8221;{}&#8221;][et_pb_row _builder_version=&#8221;4.27.4&#8243; max_width=&#8221;1120px&#8221; custom_padding=&#8221;||10px||false|false&#8221; global_colors_info=&#8221;{}&#8221;][et_pb_column type=&#8221;4_4&#8243; _builder_version=&#8221;4.16&#8243; custom_padding=&#8221;|||&#8221; global_colors_info=&#8221;{}&#8221; custom_padding__hover=&#8221;|||&#8221;][et_pb_text admin_label=&#8221;What we do Title&#8221; _builder_version=&#8221;4.27.4&#8243; text_font=&#8221;||||&#8221; text_text_color=&#8221;#1a1a1a&#8221; header_font=&#8221;|900|||||||&#8221; header_text_align=&#8221;left&#8221; header_text_color=&#8221;#000000&#8243; header_font_size=&#8221;60px&#8221; header_line_height=&#8221;1.3em&#8221; header_2_font=&#8221;|300||on|||||&#8221; header_2_text_align=&#8221;left&#8221; header_2_text_color=&#8221;#000000&#8243; header_2_font_size=&#8221;15px&#8221; header_3_font=&#8221;Inter|700|||||||&#8221; header_3_text_align=&#8221;left&#8221; header_3_text_color=&#8221;#000000&#8243; header_3_font_size=&#8221;35px&#8221; custom_margin=&#8221;||1px||false|false&#8221; custom_margin_tablet=&#8221;&#8221; custom_margin_phone=&#8221;50px||||false|false&#8221; custom_margin_last_edited=&#8221;on|phone&#8221; animation_style=&#8221;slide&#8221; animation_direction=&#8221;top&#8221; animation_intensity_slide=&#8221;10%&#8221; header_text_align_tablet=&#8221;right&#8221; header_text_align_phone=&#8221;left&#8221; header_text_align_last_edited=&#8221;on|phone&#8221; global_colors_info=&#8221;{}&#8221;]<\/p>\n<h2>ARTIGOS<\/h2>\n<h3>O nosso \u00faltimo insight<\/h3>\n<p>[\/et_pb_text][\/et_pb_column][\/et_pb_row][et_pb_row module_class=&#8221;highlighted-article&#8221; _builder_version=&#8221;4.27.4&#8243; _module_preset=&#8221;default&#8221; max_width=&#8221;1120px&#8221; custom_padding=&#8221;0px||0px||false|false&#8221; global_colors_info=&#8221;{}&#8221;][et_pb_column type=&#8221;4_4&#8243; _builder_version=&#8221;4.27.4&#8243; _module_preset=&#8221;default&#8221; global_colors_info=&#8221;{}&#8221;][et_pb_de_mach_archive_loop post_type_choose=&#8221;post&#8221; loop_layout=&#8221;2293&#8243; filter_update_animation=&#8221;load-2&#8243; animation_color=&#8221;#146EFF&#8221; no_posts_layout_text=&#8221;Sorry, there are no articles to show at the moment.&#8221; posts_number=&#8221;1&#8243; order_asc_desc=&#8221;DESC&#8221; columns=&#8221;1&#8243; columns_tablet=&#8221;1&#8243; _builder_version=&#8221;4.27.4&#8243; _module_preset=&#8221;default&#8221; global_colors_info=&#8221;{}&#8221;][\/et_pb_de_mach_archive_loop][\/et_pb_column][\/et_pb_row][\/et_pb_section][et_pb_section fb_built=&#8221;1&#8243; admin_label=&#8221;brands&#8221; _builder_version=&#8221;4.21.0&#8243; _module_preset=&#8221;default&#8221; background_enable_color=&#8221;off&#8221; global_colors_info=&#8221;{}&#8221;][et_pb_row column_structure=&#8221;1_4,1_4,1_4,1_4&#8243; custom_padding_last_edited=&#8221;on|desktop&#8221; module_id=&#8221;witty-clients&#8221; _builder_version=&#8221;4.21.0&#8243; _module_preset=&#8221;default&#8221; max_width=&#8221;860px&#8221; custom_padding=&#8221;0px||0px||false|false&#8221; custom_padding_tablet=&#8221;0px||0px||false|false&#8221; custom_padding_phone=&#8221;|15px||15px|false|true&#8221; global_colors_info=&#8221;{}&#8221;][et_pb_column type=&#8221;1_4&#8243; _builder_version=&#8221;4.20.2&#8243; _module_preset=&#8221;default&#8221; global_colors_info=&#8221;{}&#8221;][et_pb_image src=&#8221;http:\/\/witty.pt\/wp-content\/uploads\/2023\/03\/purple-color-web.png&#8221; title_text=&#8221;purple-color-web&#8221; _builder_version=&#8221;4.27.2&#8243; _module_preset=&#8221;default&#8221; global_colors_info=&#8221;{}&#8221;][\/et_pb_image][\/et_pb_column][et_pb_column type=&#8221;1_4&#8243; _builder_version=&#8221;4.20.2&#8243; _module_preset=&#8221;default&#8221; global_colors_info=&#8221;{}&#8221;][et_pb_image src=&#8221;http:\/\/witty.pt\/wp-content\/uploads\/2023\/03\/planappgov-color-web.png&#8221; title_text=&#8221;planappgov-color-web&#8221; _builder_version=&#8221;4.27.2&#8243; _module_preset=&#8221;default&#8221; global_colors_info=&#8221;{}&#8221;][\/et_pb_image][\/et_pb_column][et_pb_column type=&#8221;1_4&#8243; _builder_version=&#8221;4.20.2&#8243; _module_preset=&#8221;default&#8221; global_colors_info=&#8221;{}&#8221;][et_pb_image src=&#8221;http:\/\/witty.pt\/wp-content\/uploads\/2023\/03\/ipl-color-web.png&#8221; title_text=&#8221;ipl-color-web&#8221; _builder_version=&#8221;4.27.2&#8243; _module_preset=&#8221;default&#8221; global_colors_info=&#8221;{}&#8221;][\/et_pb_image][\/et_pb_column][et_pb_column type=&#8221;1_4&#8243; _builder_version=&#8221;4.20.2&#8243; _module_preset=&#8221;default&#8221; global_colors_info=&#8221;{}&#8221;][et_pb_image src=&#8221;http:\/\/witty.pt\/wp-content\/uploads\/2024\/11\/cvp.png&#8221; title_text=&#8221;cvp&#8221; url=&#8221;https:\/\/cvidaepaz.pt&#8221; _builder_version=&#8221;4.27.2&#8243; _module_preset=&#8221;default&#8221; global_colors_info=&#8221;{}&#8221;][\/et_pb_image][\/et_pb_column][\/et_pb_row][et_pb_row column_structure=&#8221;1_4,1_4,1_4,1_4&#8243; module_id=&#8221;witty-clients&#8221; _builder_version=&#8221;4.20.4&#8243; _module_preset=&#8221;default&#8221; max_width=&#8221;860px&#8221; custom_padding=&#8221;0px||0px||false|false&#8221; global_colors_info=&#8221;{}&#8221;][et_pb_column type=&#8221;1_4&#8243; _builder_version=&#8221;4.20.2&#8243; _module_preset=&#8221;default&#8221; global_colors_info=&#8221;{}&#8221;][et_pb_image src=&#8221;http:\/\/witty.pt\/wp-content\/uploads\/2023\/03\/amp-color-web.png&#8221; title_text=&#8221;amp-color-web&#8221; _builder_version=&#8221;4.27.2&#8243; _module_preset=&#8221;default&#8221; global_colors_info=&#8221;{}&#8221;][\/et_pb_image][\/et_pb_column][et_pb_column type=&#8221;1_4&#8243; _builder_version=&#8221;4.20.2&#8243; _module_preset=&#8221;default&#8221; global_colors_info=&#8221;{}&#8221;][et_pb_image src=&#8221;http:\/\/witty.pt\/wp-content\/uploads\/2023\/03\/mdv-color-web.png&#8221; title_text=&#8221;mdv-color-web&#8221; _builder_version=&#8221;4.27.2&#8243; _module_preset=&#8221;default&#8221; global_colors_info=&#8221;{}&#8221;][\/et_pb_image][\/et_pb_column][et_pb_column type=&#8221;1_4&#8243; _builder_version=&#8221;4.20.2&#8243; _module_preset=&#8221;default&#8221; global_colors_info=&#8221;{}&#8221;][et_pb_image src=&#8221;http:\/\/witty.pt\/wp-content\/uploads\/2023\/04\/ptb-gray-web.png&#8221; title_text=&#8221;ptb-gray-web&#8221; _builder_version=&#8221;4.27.2&#8243; _module_preset=&#8221;default&#8221; global_colors_info=&#8221;{}&#8221;][\/et_pb_image][\/et_pb_column][et_pb_column type=&#8221;1_4&#8243; _builder_version=&#8221;4.20.2&#8243; _module_preset=&#8221;default&#8221; global_colors_info=&#8221;{}&#8221;][et_pb_image src=&#8221;http:\/\/witty.pt\/wp-content\/uploads\/2023\/03\/adl-color-web.png&#8221; title_text=&#8221;adl-color-web&#8221; _builder_version=&#8221;4.27.2&#8243; _module_preset=&#8221;default&#8221; global_colors_info=&#8221;{}&#8221;][\/et_pb_image][\/et_pb_column][\/et_pb_row][\/et_pb_section]<\/p>\n","protected":false},"excerpt":{"rendered":"<p>Comprometidos com a sua transforma\u00e7\u00e3oA Witty \u00e9 uma empresa de consultoria composta por otimistas inovadores focados na transforma\u00e7\u00e3o digital e na intelig\u00eancia de neg\u00f3cios.Sobre a WittyConsultoria O que fazemosSomos uma empresa pragm\u00e1tica focada em oferecer solu\u00e7\u00f5es digitais inteligentes para melhorar a tomada de decis\u00f5es, efici\u00eancia, atratividade e vendas da sua empresa.Transfira o seu neg\u00f3cio do [&hellip;]<\/p>\n","protected":false},"author":1,"featured_media":0,"parent":0,"menu_order":0,"comment_status":"closed","ping_status":"closed","template":"","meta":{"_acf_changed":false,"_et_pb_use_builder":"on","_et_pb_old_content":"","_et_gb_content_width":"","_monsterinsights_skip_tracking":false,"_monsterinsights_sitenote_active":false,"_monsterinsights_sitenote_note":"","_monsterinsights_sitenote_category":0,"footnotes":""},"class_list":["post-1822","page","type-page","status-publish","hentry"],"acf":[],"aioseo_notices":[],"_links":{"self":[{"href":"https:\/\/witty.pt\/pt-pt\/wp-json\/wp\/v2\/pages\/1822","targetHints":{"allow":["GET"]}}],"collection":[{"href":"https:\/\/witty.pt\/pt-pt\/wp-json\/wp\/v2\/pages"}],"about":[{"href":"https:\/\/witty.pt\/pt-pt\/wp-json\/wp\/v2\/types\/page"}],"author":[{"embeddable":true,"href":"https:\/\/witty.pt\/pt-pt\/wp-json\/wp\/v2\/users\/1"}],"replies":[{"embeddable":true,"href":"https:\/\/witty.pt\/pt-pt\/wp-json\/wp\/v2\/comments?post=1822"}],"version-history":[{"count":37,"href":"https:\/\/witty.pt\/pt-pt\/wp-json\/wp\/v2\/pages\/1822\/revisions"}],"predecessor-version":[{"id":2557,"href":"https:\/\/witty.pt\/pt-pt\/wp-json\/wp\/v2\/pages\/1822\/revisions\/2557"}],"wp:attachment":[{"href":"https:\/\/witty.pt\/pt-pt\/wp-json\/wp\/v2\/media?parent=1822"}],"curies":[{"name":"wp","href":"https:\/\/api.w.org\/{rel}","templated":true}]}}